{"id":2,"date":"2010-01-16T22:39:11","date_gmt":"2010-01-16T22:39:11","guid":{"rendered":"http:\/\/www.jukkatakalo.fi\/wp\/?page_id=2"},"modified":"2026-02-25T13:07:33","modified_gmt":"2026-02-25T11:07:33","slug":"about","status":"publish","type":"page","link":"http:\/\/www.jukkatakalo.fi\/?page_id=2","title":{"rendered":"Kuka Jukka?"},"content":{"rendered":"<p><strong>Jukka Takalo<\/strong>.<\/p>\n<p>Laulaja-lauluntekij\u00e4, soolouralla. Tunnettu paitsi kiharasta tukasta, my\u00f6s kepe\u00e4n kantaaottavista kupleteista ja koskettavista suomirocklauluista. Keikkailee soolona ja yhtyeens\u00e4 kanssa.<\/p>\n<p>Pyrkimys valaista n\u00e4kym\u00e4t\u00f6nt\u00e4 ja luoda toivoa on ollut <strong>Jukka Takalon<\/strong> uraa l\u00e4p\u00e4isev\u00e4 teema. Ilo ja hymy, rakkaus ja kaikenlainen pieni ja suuri maailmanpelastaminen, usein \u00e4kkiv\u00e4\u00e4r\u00e4 huumori, arki, isyys ja ilmakitarat. Pohjoiset maisemat, vaarojen, jokivarsien ja merten tarinat.<br \/>\nJukka Takalo sanoo olevansa runoilija. H\u00e4n on tullut tunnetuksi laulaja-lauluntekij\u00e4n\u00e4, esiintyv\u00e4n\u00e4 artistina liki 3000 keikan verran, alunperin Aknestik-yhtyeest\u00e4 ja sittemmin soolouralta. Kirjailijana ura kattaa 4 teosta, musiikkivideo-ohjaajana teoksia liki sata. Lis\u00e4ksi monenlaisia k\u00e4sikirjoituksia ja tapahtumakonseptointeja Maakisesta Martinniemest\u00e4 ilmakitaransoiton MM-kisoihin.<\/p>\n<p>Aikaisemmat maineteot:<\/p>\n<p>Aknestik -nuo merten kiharap\u00e4\u00e4t<em>&#8211;<\/em> yhtyeen biisintekij\u00e4 ja laulaja. Tunnetuimpia lauluja mm. <em>Suomirokkia (<\/em>1998), <em>Jokap\u00e4iv\u00e4<\/em> (1996) <em>Maailma on naisia puolillaan<\/em> (1993), <em>Ainoastaan toistaiseksi<\/em> (1999), <em>Miljoona t\u00e4hte\u00e4<\/em> (2001)<\/p>\n<p><em>S<\/em>oolouralta <em>Ei ikin\u00e4 naimisiin<\/em> (2005), <em>Martinniemi<\/em>,\u00a0<em>Jokainen on v\u00e4h\u00e4n homo, Jeesukseksi ristille, Miss Kollaja\u00a0<\/em>(2011), <em>Oi aurinko anna menn\u00e4, Yhden hengen disko (2012) Oodi mulkuille, Eurooppa, Me olemme vain t\u00f6iss\u00e4 t\u00e4\u00e4ll\u00e4 (2013) Paras lahja koskaan (2015) Kyl\u00e4 ja kaupunki, Jumala on antanut meille polttomoottorin (2016), Laulu n\u00e4ist\u00e4 taloista (2017) Mets\u00e4 meid\u00e4n, Ziggy Stardust Pohjanmaalla 2018), Joki rakastaa jokaista soutajaa (2023)<br \/>\n<\/em><\/p>\n<p>Wikipedia kertoo <span style=\"color: #800000;\"><a style=\"color: #800000;\" href=\"https:\/\/fi.wikipedia.org\/wiki\/Jukka_Takalo\" target=\"_blank\" rel=\"noopener noreferrer\">Jukasta n\u00e4in<\/a><\/span><\/p>\n<p>Jukka Takalon youtube-kanava: <span style=\"color: #800000;\"><a style=\"color: #800000;\" href=\"https:\/\/www.youtube.com\/user\/JPutah\" target=\"_blank\" rel=\"noopener noreferrer\">http:\/\/www.youtube.com\/user\/JPutah<\/a><\/span><\/p>\n<p>Albumijulkaisut soolouralla: <span style=\"color: #800000;\"><a style=\"color: #800000;\" href=\"https:\/\/fi.wikipedia.org\/wiki\/Jukka_Takalo_%28albumi%29\" target=\"_blank\" rel=\"noopener noreferrer\">Jukka Takalo (2005)<\/a>, <\/span><span style=\"color: #800000;\"><a style=\"color: #800000;\" href=\"https:\/\/fi.wikipedia.org\/wiki\/Jukka_Takalo_%28albumi%29\" target=\"_blank\" rel=\"noopener noreferrer\">Homo EP (2010)<\/a>, <\/span><span style=\"color: #800000;\"><a style=\"color: #800000;\" href=\"https:\/\/fi.wikipedia.org\/wiki\/Vastarannan_laulut\" target=\"_blank\" rel=\"noopener noreferrer\">Vastarannan laulut (2011)<\/a>, <\/span><span style=\"color: #800000;\"><a style=\"color: #800000;\" href=\"https:\/\/fi.wikipedia.org\/wiki\/Kahden_hengen_disko\" target=\"_blank\" rel=\"noopener noreferrer\">Kahden hengen disk0 (2012)<\/a>, <\/span><span style=\"color: #800000;\"><a style=\"color: #800000;\" href=\"http:\/\/www.sofmusic.fi\/katso-jukka-takalon-uusi-musiikkivideo-oodi-mulkuille\" target=\"_blank\" rel=\"noopener noreferrer\">Maakinen Mysteeri Trio (2013)<\/a>, <\/span><span style=\"color: #800000;\"><a style=\"color: #800000;\" href=\"http:\/\/www.jukkatakalo.fi\/?p=2249\" target=\"_blank\" rel=\"noopener noreferrer\">Oodi mulkuille EP (2013)<\/a>, <\/span><span style=\"color: #800000;\"><a style=\"color: #800000;\" href=\"https:\/\/youtu.be\/JsGApg6D03k\" target=\"_blank\" rel=\"noopener noreferrer\">Suomen kuningas (2016)<\/a>, <\/span>Vaarojen laulut (2018), <a href=\"_wp_link_placeholder\" data-wplink-edit=\"true\">Syntym\u00e4tt\u00f6mien sielujen soulia (2023)<\/a> Jokivarsien laulut (2024)<\/p>\n<p><strong>Muita urotekoja:<\/strong><\/p>\n<p>Kirjoja:<br \/>\nTwiittijokisarja (Valassaaret 2022) Kuoleman nimi on Saab 96 (Nispero 2018) <span style=\"color: #800000;\"><a style=\"color: #800000;\" href=\"http:\/\/www.jukkatakalo.fi\/?page_id=2330\" target=\"_blank\" rel=\"noopener noreferrer\">Jokainen on v\u00e4h\u00e4n homo -tarinoitu laulukirja<\/a><\/span> paluusta kotiseudulle ja Vastarannan laulujen synnyst\u00e4 (Nispero 2014).Yhdess\u00e4 Pasi Kostiaisen kanssa kirjan <span style=\"color: #800000;\"><em><a style=\"color: #800000;\" href=\"http:\/\/www.teos.fi\/kirjat\/kaikki\/2004\/sin%C3%A4-olet-t%C3%A4hti-matkaopas-popt%C3%A4hteyteen.html\" target=\"_blank\" rel=\"noopener noreferrer\">Sin\u00e4 olet t\u00e4hti -matkaopas popt\u00e4hteyteen<\/a><\/em><\/span>. (Teos 2004)<br \/>\nSarjakuvak\u00e4sikirjoituksia: Kek\u00e4 kommeiten kuolee (piirt\u00e4j\u00e4 Harri Filppa Pokuto 2019), Kukaan ei ole t\u00e4ydellinen (piirt\u00e4j\u00e4 Mika Lahtonen Pokuto 2020)<br \/>\nIlmakitaransoiton MM-kisojen perustaja ja ideologi: &#8220;Jos kaikki maailman ihmiset soittaisivat ilmakitaraa, ei olisi sotia&#8221;.\u00a0<span style=\"color: #800000;\"><a style=\"color: #800000;\" href=\"http:\/\/www.airguitarworldchampionships.com\/\" target=\"_blank\" rel=\"noopener noreferrer\">www.airguitarworldchampionships.com<br \/>\n<\/a><\/span>Delta Life 2026 &#8211; k\u00e4sikirjoitus ja taiteellinen johto<\/p>\n<p>Taidepalkinto kiitospuhe loppuvuodesta 2021:<\/p>\n<p>Aloitetaan t\u00e4rkeimm\u00e4st\u00e4, eli muistomerkist\u00e4. Asiahan on tullut minulle syksyn mittaan ajankohtaiseksi, kun olen auttanut is\u00e4\u00e4ni hautakiven suunnittelussa. K\u00e4vi nimitt\u00e4in niin ett\u00e4 \u00e4itini menehtyi aiemmin syksyll\u00e4. Kaiken katoavaisuutta on tullut mietitty\u00e4.<br \/>\nOmaa katoavaisuutta her\u00e4sin mietiskelem\u00e4\u00e4n kyll\u00e4 jo muutama vuosi sitten.<br \/>\nOma taiteeni, esiintymiset, tapahtumat ja muu, ne kaikki ovat kovin hetkellisi\u00e4 tuokioita. Sellaista ainutkertaista muistojen aikajanalle j\u00e4\u00e4v\u00e4\u00e4 t\u00e4htip\u00f6ly\u00e4.<br \/>\nLaulut ja videot, ne on ykk\u00f6st\u00e4 ja nollaa tietoverkoissa, jotka kyykk\u00e4\u00e4v\u00e4t ensimm\u00e4iseen aurinkomyrskyyn. Vinyylit, CD:t, kasetit ja kirjoihin painettu teksti palaa tai v\u00e4hint\u00e4\u00e4n hapertuu sadassa vuodessa. Mit\u00e4 meist\u00e4 j\u00e4\u00e4?<br \/>\nPalkintosummalla saisi kyll\u00e4 jonkinlaisen veistoksen hankittua. Pit\u00e4isik\u00f6h\u00e4n ottaa yhteytt\u00e4 Kuusamon opistoon, jossa voisivat tehd\u00e4 metallipatsaan kes\u00e4kurssilla? Muistaakseni nelj\u00e4ll\u00e4 tonnilla olisi saatu teetetty\u00e4 Maakisen Martinniemen rannalle pronssinen merenneito.<br \/>\nMartinniemeen kyll\u00e4 tarvittaisiin sahamuistomerkki. Oulustakin puuttuu ilmakitarapatsas. Tai onhan meill\u00e4 jo tuossa tukeva jalusta, kaupunginteatterin p\u00e4\u00e4rakennus, jonka yl\u00e4puolella satametrinen ilmapatsas pojottaa. Pit\u00e4\u00e4 vain katsoa ja uskoa riitt\u00e4v\u00e4sti jotta se n\u00e4kyy, tai tehd\u00e4 se n\u00e4kyv\u00e4ksi lis\u00e4tyn todellisuuden sovelluksilla. Martinniemen sahan piippukin siell\u00e4 edelleen t\u00f6rr\u00f6tt\u00e4\u00e4, vaikka se ei ole ollut n\u00e4kyviss\u00e4 vuoden 2017 moukaroinnin j\u00e4lkeen.<br \/>\nMutta on Oulussa n\u00e4kyv\u00e4kin ilmakitarapatsas: Martti Aihan Futura sis\u00e4lt\u00e4\u00e4 muodoissaan aivan selv\u00e4sti ilmakitaristin figuurin ja liikkeen. Se pit\u00e4isi sijoittaa jonnekin torille betonibrutalismin kylkeen. Maailmalta tulevat ilmakitaraturistit saisivat tapailla sointujaan sen vierell\u00e4 selfieiss\u00e4 ja taustalla siint\u00e4isi kaunis jokisuisto.<br \/>\nMutta eip\u00e4 t\u00e4ss\u00e4 mit\u00e4\u00e4n muistomerkkej\u00e4 itselle kaipaa. On uskomattoman hienoa ett\u00e4 saa tunnustusta jo elinaikanaan. Ja kun tunnustus sis\u00e4lt\u00e4\u00e4 yhteisen sopimuksemme mukaisia vaihdannan v\u00e4lineit\u00e4, koen saaneeni selke\u00e4n kehotuksen jatkaa valitsemallani tiell\u00e4. En aio ostaa yhdensuuntaista lentolippua Tahitille, vaikka sit\u00e4 joku saattaa salaa toivoa.<\/p>\n<p>Piti puhua suomalaisesta kulttuurista. Meid\u00e4n tarinoista.<br \/>\nTarinoiden v\u00e4litt\u00e4misest\u00e4 meille ja kauemmas muualle.<\/p>\n<p>Se ett\u00e4 tehd\u00e4\u00e4n taidetta meid\u00e4n tarinoista ja maisemista, on hienoa, mutta se ei aina riit\u00e4.<br \/>\nT\u00e4m\u00e4 taiteen keinoin n\u00e4kyv\u00e4ksi tehty pit\u00e4\u00e4 tehd\u00e4 viel\u00e4 uudestaan n\u00e4kyv\u00e4ksi ja tallentaa. Sekin on tavallaan taiteellista toimintaa se n\u00e4kyv\u00e4ksitekeminen, media. Kuten \u00e4\u00e4nilevy on lauluntekemisen ja orkesterin esityksen n\u00e4kyv\u00e4ksi- tai kuuluvaksitekemist\u00e4. Striimit, podcastit ja tallenteet. Suoratoisto ja online media. Meid\u00e4n on otettava ne kaikki haltuun. Jos t\u00e4m\u00e4 ei ole omissa k\u00e4siss\u00e4, tekomme ovat p\u00f6ly\u00e4 tuulessa, lietett\u00e4 virrassa, menneen talven lunta. Unta.<br \/>\nTaiteen keinoin n\u00e4kyv\u00e4ksitekemisen n\u00e4kyv\u00e4ksitekemiseenkin tarvitaan taiteilijoita ja kulttuurin ammattilaisia. K\u00e4sikirjoituksia draaman kaariin, kuvausta komppiksineen, \u00e4\u00e4nikerrontaan, v\u00e4litt\u00e4miseen. Se on tanssia s\u00e4hk\u00f6isell\u00e4 aikajanalla. Omalla \u00e4\u00e4nell\u00e4. Meid\u00e4n \u00e4\u00e4nell\u00e4.<\/p>\n<p>Kaikkea ei tarvitse tehd\u00e4 uudestaan ja aina itse. Yhteisty\u00f6! Olemassaolevia medioita pit\u00e4\u00e4 vain kannustaa ja saada suopeammiksi taiteelle ja kulttuurille, vaikkei niille ensimm\u00e4isell\u00e4 kvartaalilla voittoja viel\u00e4 tulisikaan. Nelj\u00e4nnesvuosisadan kvartaalilla kulttuurin satoa jo korjataan enemm\u00e4n, kun koko yhteis\u00f6n elinvoima kuitenkin lopulta perustuu kulttuuriin.<br \/>\nT\u00e4m\u00e4 kaikki on politiikkaa, jota voi parhaiten tehd\u00e4 tekem\u00e4ll\u00e4 merkityksellist\u00e4 taidetta, joka koskettaa meit\u00e4 ja luo merkityst\u00e4 olemassaololle t\u00e4\u00e4ll\u00e4, alueella joka n\u00e4ytt\u00e4\u00e4 kauempaa maailman reunalta, mutta on meille maailman napa. Sit\u00e4 ei tarvitse h\u00e4vet\u00e4.<br \/>\nYhdess\u00e4 voimme auttaa taidetta ja kulttuuria n\u00e4kym\u00e4\u00e4n. Rakentamaan itseymm\u00e4rryst\u00e4 ja nostamaan ylpeytt\u00e4 omasta.<\/p>\n<p>Suomen kieli. \u00c4itini tosiaan menehtyi t\u00e4n\u00e4 syksyn\u00e4. Kun olin pieni, h\u00e4n luki minulle paljon ja lauloikin. H\u00e4n kirjoitti omia runoja joita julkaistiin. Min\u00e4kin riimittelin itse jo alle kouluik\u00e4isen\u00e4, minua ei oltu j\u00e4tetty kannustamatta. Luulisin.<br \/>\nKun jo viime kes\u00e4n\u00e4 \u00e4idill\u00e4ni oli tiedossa mit\u00e4 tuleman pit\u00e4\u00e4, kerroin h\u00e4nelle mit\u00e4 video-opettajani Heikki Timonen sanoi joskus opiskeluaikoina: \u201dsinulla t\u00e4ytyy olla tosi hyv\u00e4 \u00e4iti, kun olet noin valoisa tyyppi\u201d. \u00c4itini liikuttui tietenkin n\u00e4ist\u00e4 sanoista ja mietti ett\u00e4 oliko koskaan kasvattanutkaan.<br \/>\nT\u00e4st\u00e4 taidepalkinnosta ehdin h\u00e4nelle viel\u00e4 sipisipiuutisen kertoa. Kirjain kerrallaan h\u00e4n osoitti aakkospaperiin sanan: \u201dHyv\u00e4\u201d ja hymyili.<\/p>\n<p>Niin, \u00e4idinkieli, Suomi. Minulle se ei ole vain kieli, se on kulttuuri ja koko tajunta ja ymm\u00e4rrys siit\u00e4 mit\u00e4 olen ja n\u00e4k\u00f6kulma siihen mit\u00e4 ymp\u00e4rill\u00e4 tapahtuu.<br \/>\nKieli kutoutuu matrixina tajunnastani muihin tajuntoihin ja kokonaisuuteen, eik\u00e4 lopulta ole en\u00e4\u00e4 kyse kielest\u00e4, vaan ihmisyydest\u00e4, universumin tanssista, jonka syv\u00e4n ymm\u00e4rryksen \u00e4idinkieli kuitenkin parhaiten sanallistaa.<br \/>\nKuten t\u00e4ss\u00e4 nyt, kun yrit\u00e4n ajatustani kuvailla sanoin. Kaikki sanojen soinnit ja rytmit, se on musiikkia. Vanhin historiamme, se on kielen soinnissa, runon rytmiss\u00e4. Kirjoitettua historiaa vanhempi aika on my\u00f6s nimiss\u00e4, joiden alkuper\u00e4\u00e4 emme muista, mutta ymm\u00e4rr\u00e4mme.<br \/>\nSuomi, se ei ole mit\u00e4\u00e4n valtionrajoja tai joku maa-alue. Luonto ja maisema jatkuu Atlantilta Tyynelle valtamerelle. Pohjoisessa ja etel\u00e4ss\u00e4 maailman reunalle saakka. Kielet ja kulttuurit vaihtelevat, monenlaisuus ja monimuotoisuus kukoistaa. Yhteist\u00e4 on kuitenkin aina enemm\u00e4n kuin sit\u00e4 pelottavaa jotakin aivan muuta. Ihmiset ovat lopulta aika samanlaisia.<\/p>\n<p>Jos kuitenkin haluamme ett\u00e4 meill\u00e4 on suomenkielist\u00e4 kulttuuria ja suomalaista kulttuuria ylip\u00e4\u00e4ns\u00e4, sit\u00e4 pit\u00e4\u00e4 tukea. Sit\u00e4 pit\u00e4\u00e4 k\u00e4ytt\u00e4\u00e4 ja kuluttaa. Jo ihan paikallisella tasolla, arjessa. Vaikka Eino Leinon Lapin kes\u00e4 Loirin tulkitsemana olisi hieno Netflix-sarjan tunnusmusiikki, sellaisen mukka-mollberg-kaurism\u00e4ki -henkisen sarjan, annammeko silti, kuitenkin rahamme ja aikamme mieluummin googlelle ja muille ylikansallisille alustoille, muiden tarinoille?<\/p>\n<p>Ennen sanottiin ett\u00e4 aika on rahaa. Mutta olen huomannut ett\u00e4 aikaa ei saa rahallakaan. Aika on aikaa ja taika on taikaa, kuten Junnu Vainio asian raportoi.<br \/>\nOlisiko aika oikaista ryhti\u00e4 ja koettaa ymm\u00e4rt\u00e4\u00e4 mit\u00e4 kaikkea meill\u00e4 on ja koettaa olla ylpe\u00e4 siit\u00e4? Ostetaanko keng\u00e4t kivijalasta vai tilataanko Amazonista. Kuka tekee keng\u00e4mme ? Kuka kertoo tarinamme, kuka kertoo meist\u00e4?<\/p>\n<p>Minulle taiteen tekemisen merkitys l\u00f6ytyy minulle merkityksellisist\u00e4 aiheista ja jos ne ovat merkityksellisi\u00e4 minulle, todenn\u00e4k\u00f6isesti muillekin. Tai ainakin joillekin. Yksityinen pakkaa muuttumaan yleiseksi.<br \/>\nViserr\u00e4n jonkinlaisena kanarialintuna kaivoksessa, ja aika lailla vaistonvaraisesti ne aiheet l\u00f6ytyv\u00e4t. Ja oli aihe mik\u00e4 tahansa, t\u00e4rkeint\u00e4 on kommunikaatio yleis\u00f6n kanssa, oli se sitten laulamista, lauluntekoa tai kirjoittamista. Videontekoa, tapahtumaj\u00e4rjest\u00e4mist\u00e4, tai t\u00e4t\u00e4 n\u00e4kyv\u00e4ksitekemist\u00e4, jonka siis lasken my\u00f6s taiteelliseksi toiminnaksi..<br \/>\nTeosten esitt\u00e4minen ja n\u00e4kyminen on t\u00e4rke\u00e4t\u00e4, se ett\u00e4 tekeleet juttelevat ja tuottavat el\u00e4myksi\u00e4. Hierovat kipupisteit\u00e4. Vinksauttavat aivoja n\u00e4k\u00f6kulmillaan.<br \/>\nAjattelen niin ett\u00e4 minun on kerrottava ne tarinat, jotka j\u00e4isiv\u00e4t muuten kertomatta. Etsitt\u00e4v\u00e4 niit\u00e4 n\u00e4k\u00f6kulmia, jotka j\u00e4isiv\u00e4t ilman minun panostani n\u00e4kem\u00e4tt\u00e4. T\u00e4ss\u00e4 l\u00e4hestyt\u00e4\u00e4n journalismia.<br \/>\nV\u00e4lill\u00e4 tuntuukin ett\u00e4 olen historian tutkija tai kansankynttil\u00e4 tai usein silt\u00e4 ett\u00e4 olen ihan vaan tieteen popularisoija.<br \/>\nPopulaari-sanasta tulikin mieleen ett\u00e4 on hienoa ett\u00e4 saan t\u00e4m\u00e4n tunnustuksen populaarikulttuurin edustajana. Minulle populaari tarkoittaa pyrkimyst\u00e4 kommunikaatioon, ei niink\u00e4\u00e4n taloudellisen voiton maksimointiyrityksi\u00e4 kulttuurin avulla. Toki olen n\u00e4ist\u00e4 hommista koko aikuisik\u00e4ni elantonikin saanut.<\/p>\n<p>Mietin joskus ett\u00e4 reilut sata vuotta sitten, 1880 ja 90 -luvulla olisin opetellut maalaamaan kansallisromanttisia tauluja tai olisin alunperinkin keskittynyt kirjoittamaan romaaneja. Sata vuotta my\u00f6hemmin 1980 ja -90-luvuilla maailman nuorisoa kuitenkin yhdistiv\u00e4t musiikkivideot ja popmusiikki, joten minunkin piti opetella kommunikoimaan niiden antamilla keinoilla.<br \/>\nKaiken kaikkiaan koen ett\u00e4 taide, viihde ja urheilukin ovat kaikki samaa kulttuurin isoa pakettia, jota ilman ihmisen el\u00e4m\u00e4 ei ole merkityksellist\u00e4. El\u00e4mykset, henkinen ja fyysinen, kietoutuvat kulttuurissa toisiinsa ja tekev\u00e4t yhdess\u00e4 el\u00e4m\u00e4st\u00e4 el\u00e4misen arvoista ja hetkitt\u00e4in jopa hienoa. Sitten taas jaksaa painaa pimeydess\u00e4.<br \/>\nEhk\u00e4 t\u00e4h\u00e4n loppuun viel\u00e4 tiivistys julkaisemattoman iskulauseen sanoin: Hymyss\u00e4 suin onnistuu paremmin kuin hampaat irvess\u00e4.<\/p>\n<hr \/>\n<p><a href=\"http:\/\/www.jukkatakalo.fi\/wp\/wp-content\/uploads\/2010\/01\/TAkalo2010BW.jpg\"><img decoding=\"async\" loading=\"lazy\" class=\"size-medium wp-image-402 alignleft\" title=\"TAkalo2010B&amp;W PRESS\" src=\"http:\/\/www.jukkatakalo.fi\/wp\/wp-content\/uploads\/2010\/01\/TAkalo2010BW-215x300.jpg\" alt=\"\" width=\"215\" height=\"300\" srcset=\"http:\/\/www.jukkatakalo.fi\/wp\/wp-content\/uploads\/2010\/01\/TAkalo2010BW-215x300.jpg 215w, http:\/\/www.jukkatakalo.fi\/wp\/wp-content\/uploads\/2010\/01\/TAkalo2010BW-735x1024.jpg 735w, http:\/\/www.jukkatakalo.fi\/wp\/wp-content\/uploads\/2010\/01\/TAkalo2010BW-107x150.jpg 107w, http:\/\/www.jukkatakalo.fi\/wp\/wp-content\/uploads\/2010\/01\/TAkalo2010BW-400x556.jpg 400w, http:\/\/www.jukkatakalo.fi\/wp\/wp-content\/uploads\/2010\/01\/TAkalo2010BW.jpg 1855w\" sizes=\"(max-width: 215px) 100vw, 215px\" \/><\/a><\/p>\n<hr \/>\n","protected":false},"excerpt":{"rendered":"<p>Jukka Takalo. Laulaja-lauluntekij\u00e4, soolouralla. Tunnettu paitsi kiharasta tukasta, my\u00f6s kepe\u00e4n kantaaottavista kupleteista ja koskettavista suomirocklauluista. Keikkailee soolona ja yhtyeens\u00e4 kanssa. Pyrkimys valaista n\u00e4kym\u00e4t\u00f6nt\u00e4 ja luoda toivoa on ollut Jukka Takalon uraa l\u00e4p\u00e4isev\u00e4 teema. Ilo ja hymy, rakkaus ja kaikenlainen pieni &hellip; <a href=\"http:\/\/www.jukkatakalo.fi\/?page_id=2\">Continue reading <span class=\"meta-nav\">&rarr;<\/span><\/a><\/p>\n","protected":false},"author":1,"featured_media":402,"parent":0,"menu_order":0,"comment_status":"open","ping_status":"open","template":"","meta":[],"_links":{"self":[{"href":"http:\/\/www.jukkatakalo.fi\/index.php?rest_route=\/wp\/v2\/pages\/2"}],"collection":[{"href":"http:\/\/www.jukkatakalo.fi\/index.php?rest_route=\/wp\/v2\/pages"}],"about":[{"href":"http:\/\/www.jukkatakalo.fi\/index.php?rest_route=\/wp\/v2\/types\/page"}],"author":[{"embeddable":true,"href":"http:\/\/www.jukkatakalo.fi\/index.php?rest_route=\/wp\/v2\/users\/1"}],"replies":[{"embeddable":true,"href":"http:\/\/www.jukkatakalo.fi\/index.php?rest_route=%2Fwp%2Fv2%2Fcomments&post=2"}],"version-history":[{"count":46,"href":"http:\/\/www.jukkatakalo.fi\/index.php?rest_route=\/wp\/v2\/pages\/2\/revisions"}],"predecessor-version":[{"id":3723,"href":"http:\/\/www.jukkatakalo.fi\/index.php?rest_route=\/wp\/v2\/pages\/2\/revisions\/3723"}],"wp:featuredmedia":[{"embeddable":true,"href":"http:\/\/www.jukkatakalo.fi\/index.php?rest_route=\/wp\/v2\/media\/402"}],"wp:attachment":[{"href":"http:\/\/www.jukkatakalo.fi\/index.php?rest_route=%2Fwp%2Fv2%2Fmedia&parent=2"}],"curies":[{"name":"wp","href":"https:\/\/api.w.org\/{rel}","templated":true}]}}