{"id":2330,"date":"2014-08-05T19:04:50","date_gmt":"2014-08-05T16:04:50","guid":{"rendered":"http:\/\/www.jukkatakalo.fi\/?page_id=2330"},"modified":"2017-02-08T16:00:53","modified_gmt":"2017-02-08T14:00:53","slug":"jokainen","status":"publish","type":"page","link":"http:\/\/www.jukkatakalo.fi\/?page_id=2330","title":{"rendered":"Jokainen on v\u00e4h\u00e4n homo (kirja)"},"content":{"rendered":"<div><i><br \/>\n<\/i><a href=\"http:\/\/www.jukkatakalo.fi\/wp\/wp-content\/uploads\/2014\/08\/JokOnVahHoPromoPrint..jpg\"><img decoding=\"async\" loading=\"lazy\" class=\"alignright size-medium wp-image-2302\" src=\"http:\/\/www.jukkatakalo.fi\/wp\/wp-content\/uploads\/2014\/08\/JokOnVahHoPromoPrint.-192x300.jpg\" alt=\"JokOnVahHoPromoPrint.\" width=\"192\" height=\"300\" srcset=\"http:\/\/www.jukkatakalo.fi\/wp\/wp-content\/uploads\/2014\/08\/JokOnVahHoPromoPrint.-192x300.jpg 192w, http:\/\/www.jukkatakalo.fi\/wp\/wp-content\/uploads\/2014\/08\/JokOnVahHoPromoPrint.-658x1024.jpg 658w, http:\/\/www.jukkatakalo.fi\/wp\/wp-content\/uploads\/2014\/08\/JokOnVahHoPromoPrint.-96x150.jpg 96w, http:\/\/www.jukkatakalo.fi\/wp\/wp-content\/uploads\/2014\/08\/JokOnVahHoPromoPrint..jpg 957w\" sizes=\"(max-width: 192px) 100vw, 192px\" \/><\/a><\/div>\n<div>\n<div>Vuonna 2006 Jukka Takalon popparin ura oli k\u00e4\u00e4nnekohdassa. Aknestikin suomirokki oli j\u00e4\u00e4nyt taakse ja koko muusikon ura oli vaakalaudalla.<\/div>\n<div>Pohjoiseen palanneelle popparille l\u00f6ytyi kotiseudulta kantaaottavan kuplettimiehen viitta.<\/div>\n<div>*<\/div>\n<div>Jokainen on v\u00e4h\u00e4n homo on lauluntekij\u00e4n kirjoittama tarinoitu laulukirja siit\u00e4, miten helmikuussa 2011 julkaistu Vastarannan laulut -levy syntyi ja kuinka laulujen aiheet muotoutuivat.<\/div>\n<div>Tarinoiden lis\u00e4ksi kirja sis\u00e4lt\u00e4\u00e4 laulujen sanat sek\u00e4 soinnut rantanuotioille soiteltaviksi.<\/div>\n<div>*<\/div>\n<div>UUTTA! Lue kirjasta poistettu luku <span style=\"color: #ff6600;\"><strong><a href=\"http:\/\/www.jukkatakalo.fi\/wp\/wp-content\/uploads\/2014\/10\/Alaston-pronssiin-valettu-olympiavoittaja.pdf\"><span style=\"color: #ff6600;\">Alaston pronssiin valettu olympiavoittaja<\/span><\/a><\/strong><\/span><\/div>\n<div>*<\/div>\n<div>Kuuntele t\u00e4st\u00e4, jos rupes vaivaamaan\u00a0<span style=\"color: #ff6600;\"><strong><a href=\"http:\/\/open.spotify.com\/user\/reiksa\/playlist\/5x6VcJJsuB1dSKOPUynWpK\"><span style=\"color: #ff6600;\">Vastarannan laulut -albumia<\/span><\/a><\/strong><\/span><\/div>\n<div>**<\/div>\n<div><\/div>\n<\/div>\n<div>Virallinen soittolista lukijalle, klikkaa ittes Spotifyyn:\u00a0<span style=\"color: #ff6600;\"><strong><a href=\"http:\/\/open.spotify.com\/user\/jukkatakalo\/playlist\/0TubQUkGDWXqrt2hU0xmbU\"><span style=\"color: #ff6600;\">Tarinoidun laulukirjan soittolista<\/span><\/a><\/strong><\/span><a href=\"http:\/\/open.spotify.com\/user\/jukkatakalo\/playlist\/0TubQUkGDWXqrt2hU0xmbU\"><br \/>\n<\/a><\/div>\n<div>**<\/div>\n<div>Youtube on telkkari. Sielt\u00e4 tulee <span style=\"color: #ff6600;\"><strong><a href=\"http:\/\/www.youtube.com\/playlist?list=PLfrqPAbQDJP7poDDLvyigTK6Jc6mEN1S5\"><span style=\"color: #ff6600;\">Vastarannan videolista<\/span><\/a><\/strong><\/span><\/div>\n<div>**<\/div>\n<div>Osuva (siis kehuva) <span style=\"color: #ff6600;\"><strong><a href=\"http:\/\/www.kansantahto.fi\/2014\/09\/takalo-maalasi-kirjan-lyhytelokuvilla\/\"><span style=\"color: #ff6600;\">KIRJA-ARVIO<\/span><\/a><\/strong><\/span><\/div>\n<div>**<\/div>\n<div>Jokainen on v\u00e4h\u00e4n homo Ven\u00e4j\u00e4n suurl\u00e4hetyst\u00f6n edess\u00e4 <strong><span style=\"color: #ff6600;\"><a href=\"http:\/\/areena.yle.fi\/tv\/2039315\"><span style=\"color: #ff6600;\">Yle Strada esitt\u00e4\u00e4<\/span><\/a><\/span><\/strong><\/div>\n<div>**<\/div>\n<div>N\u00e4in levy-yhti\u00f6 Sound Of Finland promosi Vastarannan laulut -levy\u00e4 2011 <span style=\"color: #ff6600;\"><strong><a href=\"http:\/\/sofmusic.fi\/epk\/jukkatakalo\/\"><span style=\"color: #ff6600;\">Elektroninen Press Kit<\/span><\/a><\/strong><\/span><\/div>\n<div>**<\/div>\n<div><span style=\"color: #ff6600;\"><strong><a href=\"http:\/\/www.jukkatakalo.fi\/wp\/wp-content\/uploads\/2010\/04\/IMG_0984.jpg\"><span style=\"color: #ff6600;\">Levyarvostelu Keskisuomalaisessa<\/span><\/a><\/strong><\/span> kev\u00e4\u00e4ll\u00e4 2011.<\/div>\n<div>**<\/div>\n<div>\n<div>Kirjan kansikuva painoresoluutiolla<span style=\"color: #ff6600;\">\u00a0<strong><a href=\"http:\/\/www.jukkatakalo.fi\/wp\/wp-content\/uploads\/2014\/08\/JokOnVahHoPromoPrint..jpg\"><span style=\"color: #ff6600;\">KLIKKAA T\u00c4ST\u00c4<\/span><\/a><\/strong><\/span><a href=\"http:\/\/www.jukkatakalo.fi\/wp\/wp-content\/uploads\/2014\/08\/JokOnVahHoPromoPrint..jpg\"><br \/>\n<\/a><\/div>\n<div>**<\/div>\n<\/div>\n<div><\/div>\n<div>OTTEITA KIRJASTA:<\/div>\n<div><i>Sain ensimm\u00e4isen kitarani Mikko-enolta, ja ensimm\u00e4inen kappale, jonka kitaralla opettelin, oli Sleepy Sleepersin Liuskis l\u00e4yskis lepakko. Sarjanumeron (187033) perusteella Landola on valmistettu vuonna 1968 Pietarsaaren nuuskakellon kupeessa.<\/i><\/div>\n<div><\/div>\n<div><i><\/i>****<\/div>\n<div><i>Susannasta tuli my\u00f6hemmin tanssija. H\u00e4nen is\u00e4ns\u00e4 oli l\u00e4\u00e4k\u00e4ri tehtaan terveysasemalla. Ensimm\u00e4isen\u00e4 koulup\u00e4iv\u00e4n\u00e4 k\u00e4velimme yht\u00e4 matkaa ja k\u00e4si k\u00e4dess\u00e4 punaiselle vanhalle koululle. Koulun pihalla jalkapalloa pelattiin pelkill\u00e4 nahkapallon sisuskumeilla ja Itse kukko linnan p\u00e4\u00e4ll\u00e4 -leikki\u00e4 nujuttiin lumikasojen p\u00e4\u00e4ll\u00e4.<\/i><\/div>\n<div><i>Suhde Susannaan jatkui pakkasiin. Muutimme jouluna keltaisista kerrostaloista rintamamiestaloon vuokralle ja sain oman vinttihuoneen. Nukkumaan menness\u00e4 mietin ullakolta l\u00f6ytyneiden miestenlehtien kuvia. Alastomien naisten raukeat katseet ja Susanna sekoittuvat mieless\u00e4ni oudosti ja kikkeli meni turraksi.<\/i><\/div>\n<div><\/div>\n<div><i><\/i>*****<\/div>\n<div><\/div>\n<div><i>Keskityimme soittamaan n\u00e4tti\u00e4 brittipoppia ja laulamaan kaloista, tyt\u00f6ist\u00e4 ja j\u00e4\u00e4tel\u00f6st\u00e4. Syntyi se Aknestik, jonka ihmiset parhaiten tuntevat. Parin omalle Lota Lota -levymerkille tehdyn vinyylin j\u00e4lkeen p\u00e4\u00e4simme levytt\u00e4m\u00e4\u00e4n legendaariselle Poko Rekordsille.<\/i><\/div>\n<p><a href=\"http:\/\/www.jukkatakalo.fi\/wp\/wp-content\/uploads\/2014\/08\/JulisteKIRJAnet.jpg\"><img decoding=\"async\" loading=\"lazy\" class=\"alignright size-medium wp-image-2301\" src=\"http:\/\/www.jukkatakalo.fi\/wp\/wp-content\/uploads\/2014\/08\/JulisteKIRJAnet-225x300.jpg\" alt=\"JulisteKIRJAnet\" width=\"225\" height=\"300\" srcset=\"http:\/\/www.jukkatakalo.fi\/wp\/wp-content\/uploads\/2014\/08\/JulisteKIRJAnet-225x300.jpg 225w, http:\/\/www.jukkatakalo.fi\/wp\/wp-content\/uploads\/2014\/08\/JulisteKIRJAnet-770x1024.jpg 770w, http:\/\/www.jukkatakalo.fi\/wp\/wp-content\/uploads\/2014\/08\/JulisteKIRJAnet-112x150.jpg 112w, http:\/\/www.jukkatakalo.fi\/wp\/wp-content\/uploads\/2014\/08\/JulisteKIRJAnet-400x531.jpg 400w\" sizes=\"(max-width: 225px) 100vw, 225px\" \/><\/a><\/p>\n","protected":false},"excerpt":{"rendered":"<p>Vuonna 2006 Jukka Takalon popparin ura oli k\u00e4\u00e4nnekohdassa. Aknestikin suomirokki oli j\u00e4\u00e4nyt taakse ja koko muusikon ura oli vaakalaudalla. Pohjoiseen palanneelle popparille l\u00f6ytyi kotiseudulta kantaaottavan kuplettimiehen viitta. * Jokainen on v\u00e4h\u00e4n homo on lauluntekij\u00e4n kirjoittama tarinoitu laulukirja siit\u00e4, miten helmikuussa &hellip; <a href=\"http:\/\/www.jukkatakalo.fi\/?page_id=2330\">Continue reading <span class=\"meta-nav\">&rarr;<\/span><\/a><\/p>\n","protected":false},"author":1,"featured_media":0,"parent":0,"menu_order":3,"comment_status":"open","ping_status":"open","template":"","meta":[],"_links":{"self":[{"href":"http:\/\/www.jukkatakalo.fi\/index.php?rest_route=\/wp\/v2\/pages\/2330"}],"collection":[{"href":"http:\/\/www.jukkatakalo.fi\/index.php?rest_route=\/wp\/v2\/pages"}],"about":[{"href":"http:\/\/www.jukkatakalo.fi\/index.php?rest_route=\/wp\/v2\/types\/page"}],"author":[{"embeddable":true,"href":"http:\/\/www.jukkatakalo.fi\/index.php?rest_route=\/wp\/v2\/users\/1"}],"replies":[{"embeddable":true,"href":"http:\/\/www.jukkatakalo.fi\/index.php?rest_route=%2Fwp%2Fv2%2Fcomments&post=2330"}],"version-history":[{"count":46,"href":"http:\/\/www.jukkatakalo.fi\/index.php?rest_route=\/wp\/v2\/pages\/2330\/revisions"}],"predecessor-version":[{"id":2680,"href":"http:\/\/www.jukkatakalo.fi\/index.php?rest_route=\/wp\/v2\/pages\/2330\/revisions\/2680"}],"wp:attachment":[{"href":"http:\/\/www.jukkatakalo.fi\/index.php?rest_route=%2Fwp%2Fv2%2Fmedia&parent=2330"}],"curies":[{"name":"wp","href":"https:\/\/api.w.org\/{rel}","templated":true}]}}