{"id":3242,"date":"2018-12-05T22:31:05","date_gmt":"2018-12-05T20:31:05","guid":{"rendered":"http:\/\/www.jukkatakalo.fi\/?page_id=3242"},"modified":"2019-03-27T15:59:12","modified_gmt":"2019-03-27T13:59:12","slug":"vaarojen-laulujen-tekijat","status":"publish","type":"page","link":"http:\/\/www.jukkatakalo.fi\/?page_id=3242","title":{"rendered":"Vaarojen laulujen tekij\u00e4t"},"content":{"rendered":"<p><iframe loading=\"lazy\" src=\"https:\/\/open.spotify.com\/embed\/album\/2LOsF9BgJ2TmBd0eKrrLCh\" width=\"300\" height=\"380\" frameborder=\"0\"><\/iframe><\/p>\n<p>VAAROJEN LAULUT<br \/>\nLP &#8211; MC &#8211; 2LP &#8211; STREAM &#8211; DIGI<br \/>\n<span style=\"color: #000000;\"><span style=\"font-family: Helvetica;\"><span style=\"font-size: small;\"><br \/>\ntuottaja &#8211; Pentti Amore<\/span><\/span><\/span><\/p>\n<p><span style=\"color: #000000;\"><span style=\"font-family: Helvetica;\"><span style=\"font-size: small;\">s\u00e4velet ja sanat &#8211; Jukka Takalo<\/span><\/span><\/span><\/p>\n<p><span style=\"color: #000000;\"><span style=\"font-family: Helvetica;\"><span style=\"font-size: small;\">Jukka Takalo &#8211; laulu, akustinen kitara, koskettimet, sovitukset<\/span><\/span><\/span><\/p>\n<p><span style=\"color: #000000;\"><span style=\"font-family: Helvetica;\"><span style=\"font-size: small;\">Vesa Pisto &#8211; tuuba, basso, bassoviulu sek\u00e4 puhallin- ja jousisovitukset<\/span><\/span><\/span><\/p>\n<p><span style=\"color: #000000;\"><span style=\"font-family: Helvetica;\"><span style=\"font-size: small;\">Aleksi Itkonen &#8211; rummut, perkussiot, rytmisovitukset<\/span><\/span><\/span><\/p>\n<p><span style=\"color: #000000;\"><span style=\"font-family: Helvetica;\"><span style=\"font-size: small;\">Anna Itkonen &#8211; piano, harmooni, kawai, kellopeli, luupit, taustalaulu sek\u00e4 kosketin- ja taustalaulusovitukset<\/span><\/span><\/span><\/p>\n<p><span style=\"color: #000000;\"><span style=\"font-family: Helvetica;\"><span style=\"font-size: small;\">Pentti Amore &#8211; akustinen kitara, taustalaulu, tamburiini, samplet, sovitukset sek\u00e4 \u00e4\u00e4nitys ja miksaus<\/span><\/span><\/span><\/p>\n<p><span style=\"color: #000000;\"><span style=\"font-family: Helvetica;\"><span style=\"font-size: small;\">\u00c4\u00e4nitettiin ja miksattiin Wolfbeat Studiolla Kempeleess\u00e4 2.1.2018-25.7.2018<\/span><\/span><\/span><\/p>\n<p><span style=\"color: #000000;\"><span style=\"font-family: Helvetica;\"><span style=\"font-size: small;\">ISRC: <span style=\"font-family: Calibri, sans-serif;\">FI<\/span><span style=\"color: #1f4e79;\"><span style=\"font-family: Calibri, sans-serif;\">TOA<\/span><\/span><span style=\"font-family: Calibri, sans-serif;\">1800001-FI<\/span><span style=\"color: #1f4e79;\"><span style=\"font-family: Calibri, sans-serif;\">TOA<\/span><\/span><span style=\"font-family: Calibri, sans-serif;\">1800012<\/span><\/span><\/span><\/span><\/p>\n<p><span style=\"color: #000000;\"><span style=\"font-family: Calibri, sans-serif;\"><span style=\"font-size: small;\">\u00a9 &amp; \u2117 Valassaaret 2018<\/span><\/span><\/span><\/p>\n<p><span style=\"color: #000000;\"><span style=\"font-family: Calibri, sans-serif;\"><span style=\"font-size: small;\">Tupla LP &#8211; Plutonium Production<\/span><\/span><\/span><\/p>\n<p><span style=\"color: #000000;\"><span style=\"font-family: Helvetica;\"><span style=\"font-size: small;\">Koutakvartetti:\u00a0<\/span><\/span><\/span><\/p>\n<p><span style=\"color: #000000;\"><span style=\"font-family: Helvetica;\"><span style=\"font-size: small;\">Riina Salminen &#8211; sello (1,2,3,6,7,12)<\/span><\/span><\/span><\/p>\n<p><span style=\"color: #000000;\"><span style=\"font-family: Helvetica;\"><span style=\"font-size: small;\">Janne Ahvenainen &#8211; alttoviulu (1,2,3,6,7,12)<\/span><\/span><\/span><\/p>\n<p><span style=\"color: #000000;\"><span style=\"font-family: Helvetica;\"><span style=\"font-size: small;\">Toni Tuovinen &#8211; 1.viulu (1,2,3,6,7,12)<\/span><\/span><\/span><\/p>\n<p><span style=\"color: #000000;\"><span style=\"font-family: Helvetica;\"><span style=\"font-size: small;\">Johanna Korhonen &#8211; 2.viulu (1,2,3,6,7,12)<\/span><\/span><\/span><\/p>\n<p><span style=\"color: #000000;\"><span style=\"font-family: Helvetica;\"><span style=\"font-size: small;\">Puhaltimet:<\/span><\/span><\/span><\/p>\n<p><span style=\"color: #000000;\"><span style=\"font-family: Helvetica;\"><span style=\"font-size: small;\">Ville Myllykangas &#8211; pasuuna (1,2,3,4,6,10,12)<\/span><\/span><\/span><\/p>\n<p><span style=\"color: #000000;\"><span style=\"font-family: Helvetica;\"><span style=\"font-size: small;\">Markku Korpela &#8211; saksofoni, huilu (1,3,4,6,12)<\/span><\/span><\/span><\/p>\n<p><span style=\"color: #000000;\"><span style=\"font-family: Helvetica;\"><span style=\"font-size: small;\">Aki V\u00e4nsk\u00e4 &#8211; saksofoni (1,3,4,6,12)<\/span><\/span><\/span><\/p>\n<p><span style=\"color: #000000;\"><span style=\"font-family: Helvetica;\"><span style=\"font-size: small;\">Jani Saaranen &#8211; trumpetti (1,3,4,6,12)<\/span><\/span><\/span><\/p>\n<p><span style=\"color: #000000;\"><span style=\"font-family: Helvetica;\"><span style=\"font-size: small;\">T\u00f6\u00f6ve K\u00e4sm\u00e4 &#8211; kitara (3) kitarasoolot (5,8)<\/span><\/span><\/span><\/p>\n<p><span style=\"color: #000000;\"><span style=\"font-family: Helvetica;\"><span style=\"font-size: small;\">Harri Laakkonen &#8211; cembalo (1)<\/span><\/span><\/span><\/p>\n<p><span style=\"color: #000000;\"><span style=\"font-family: Helvetica;\"><span style=\"font-size: small;\">Ky\u00f6sti Salmij\u00e4rvi &#8211; taustalaulu (4,5,10)<\/span><\/span><\/span><\/p>\n<p><span style=\"color: #000000;\"><span style=\"font-family: Helvetica;\"><span style=\"font-size: small;\">Markus Lampela &#8211; taustalaulu (4,10)<\/span><\/span><\/span><\/p>\n<p><span style=\"color: #000000;\"><span style=\"font-family: Helvetica;\"><span style=\"font-size: small;\">Riku Rousu &#8211; taustalaulu (7)<\/span><\/span><\/span><\/p>\n<p><span style=\"color: #000000;\"><span style=\"font-family: Helvetica;\"><span style=\"font-size: small;\">Lila Kauhanen &#8211; taustalaulu (8)<\/span><\/span><\/span><\/p>\n<p><span style=\"color: #000000;\"><span style=\"font-family: Helvetica;\"><span style=\"font-size: small;\">Uula Kauhanen &#8211; taustalaulu (8)<\/span><\/span><\/span><\/p>\n<p><span style=\"color: #000000;\"><span style=\"font-family: Helvetica;\"><span style=\"font-size: small;\">Valle Forsman &#8211; taustalaulu (8)<\/span><\/span><\/span><\/p>\n<p><span style=\"color: #000000;\"><span style=\"font-family: Helvetica;\"><span style=\"font-size: small;\">Mihkel Kolditz &#8211; mieskuorolaulu (1)<\/span><\/span><\/span><\/p>\n<p><span style=\"color: #000000;\"><span style=\"font-family: Helvetica;\"><span style=\"font-size: small;\">Otto Kolditz &#8211; poikakuorolaulu (1)<\/span><\/span><\/span><\/p>\n<p><span style=\"color: #000000;\"><span style=\"font-family: Helvetica;\"><span style=\"font-size: small;\">Pauli Saastamoinen \/ Finnvox &#8211; masterointi<\/span><\/span><\/span><\/p>\n<p><span style=\"color: #000000;\"><span style=\"font-family: Helvetica;\"><span style=\"font-size: small;\">Riku-Pekka Miettunen &#8211; kannet<\/span><\/span><\/span><\/p>\n<p><span style=\"color: #000000;\"><span style=\"font-family: Helvetica;\"><span style=\"font-size: small;\">Kaisa Heikkinen &#8211; kansikuva<\/span><\/span><\/span><\/p>\n<p><span style=\"color: #000000;\"><span style=\"font-family: Helvetica;\"><span style=\"font-size: small;\">Koneen S\u00e4\u00e4ti\u00f6 Rohkeat avaukset ja Suomen Kulttuurirahaston Pohjois-Pohjanmaan rahasto ovat tukeneet n\u00e4iden laulujen synty\u00e4 ja tallennusta.<\/span><\/span><\/span><\/p>\n<p><span style=\"color: #000000;\"><span style=\"font-family: Helvetica;\"><span style=\"font-size: small;\">Keikat: Ilari Valjakka\/Rocktalo tel. 0405786699 mail: <a href=\"mailto:ilari@rocktalo.fi\">ilari@rocktalo.fi<\/a><\/span><\/span><\/span><\/p>\n<p><span style=\"color: #000000;\"><span style=\"font-family: Helvetica;\"><span style=\"font-size: small;\">Tiedotus: Aku Oikari\/Idealeka tel. 0504107150 mail: <a href=\"mailto:aku.oikari@idealeka.fi\">aku.oikari@idealeka.fi<\/a><\/span><\/span><\/span><\/p>\n<p><span style=\"color: #000000;\"><span style=\"font-family: Helvetica;\"><span style=\"font-size: small;\">Palaute: jukka@jukkatakalo.fi<\/span><\/span><\/span><\/p>\n<p>PERINTEINEN KIITOSLISTA:<\/p>\n<pre>Epe Helenius, Aapo Hellman, Veli-Matti Ylihukka, Petri Tyynel\u00e4, \r\nSami Sankilampi, Kari Lahtinen, Harri Filppa, Katz, Kaisa Heikkinen, \r\nElina Siira, Matleena Vartiainen, Laplandia Vodka\/ Mikko Pernu, \r\nKaarle Viikate, Yari Knuutinen, Jarmo Stoor, Matti Patronen, \r\nMika Kainua, Sanni Luttinen, Zakke Cuba, Ville-Mikko Siki\u00f6, \r\nHera Rautalin. Kajakkiorkesteri forever! Pietari Gummerus, \r\nKreetta Blomster, Kenneth Ojutkangas, Valle Forsman, Konsta Pohjola, \r\nJesse Heikkinen, Mets\u00e4hallituksen luontopalvelut, Hossa, \r\nSini Salmirinne, Merja Aakko, Veikko Leinonen, Boogiemies, \r\nRukapalvelu\/Jokke, Ossian Marttala, Kari Hannus, Jaakko Konttila, \r\nTalli Piccolon heppasamplet, Kimmo Alatalo, Risto Kalliorinne, \r\nPAM Palvelualojen ammattiliitto, Musiikintekij\u00e4t ry, David Bowie, \r\nMarc Bolan, EMT-140, VRS, \u00c4\u00e4niaallot-museo Rytmikorjaamo, \r\nToivo Susi, Soiva Siili, Vastarannan Siili, Aknestik, \r\nMaakinen Martinniemi, Iijokisoutu, Haukiputaan Heiton M35 \r\nk\u00f6pp\u00e4kuntoklubi.\r\nJa tietenkin kaikki te jotka kuuntelette t\u00e4t\u00e4 ja k\u00e4ytte keikoilla! \r\nJa vaikkette k\u00e4visik\u00e4\u00e4n! Menk\u00e4\u00e4 mets\u00e4\u00e4n tai pysyk\u00e4\u00e4 sielt\u00e4 poissa. \r\nHalatkaa puita ja toisianne! Pit\u00e4k\u00e4\u00e4 huolta!<\/pre>\n<p>&nbsp;<\/p>\n<p>&nbsp;<\/p>\n<p>&nbsp;<\/p>\n<p>&nbsp;<\/p>\n<p><span style=\"color: #000000;\"><span style=\"font-family: Helvetica;\"><span style=\"font-size: small;\">\u00a0<\/span><\/span><\/span><\/p>\n","protected":false},"excerpt":{"rendered":"<p>VAAROJEN LAULUT LP &#8211; MC &#8211; 2LP &#8211; STREAM &#8211; DIGI tuottaja &#8211; Pentti Amore s\u00e4velet ja sanat &#8211; Jukka Takalo Jukka Takalo &#8211; laulu, akustinen kitara, koskettimet, sovitukset Vesa Pisto &#8211; tuuba, basso, bassoviulu sek\u00e4 puhallin- ja jousisovitukset Aleksi &hellip; <a href=\"http:\/\/www.jukkatakalo.fi\/?page_id=3242\">Continue reading <span class=\"meta-nav\">&rarr;<\/span><\/a><\/p>\n","protected":false},"author":1,"featured_media":0,"parent":0,"menu_order":3,"comment_status":"closed","ping_status":"closed","template":"","meta":[],"_links":{"self":[{"href":"http:\/\/www.jukkatakalo.fi\/index.php?rest_route=\/wp\/v2\/pages\/3242"}],"collection":[{"href":"http:\/\/www.jukkatakalo.fi\/index.php?rest_route=\/wp\/v2\/pages"}],"about":[{"href":"http:\/\/www.jukkatakalo.fi\/index.php?rest_route=\/wp\/v2\/types\/page"}],"author":[{"embeddable":true,"href":"http:\/\/www.jukkatakalo.fi\/index.php?rest_route=\/wp\/v2\/users\/1"}],"replies":[{"embeddable":true,"href":"http:\/\/www.jukkatakalo.fi\/index.php?rest_route=%2Fwp%2Fv2%2Fcomments&post=3242"}],"version-history":[{"count":3,"href":"http:\/\/www.jukkatakalo.fi\/index.php?rest_route=\/wp\/v2\/pages\/3242\/revisions"}],"predecessor-version":[{"id":3245,"href":"http:\/\/www.jukkatakalo.fi\/index.php?rest_route=\/wp\/v2\/pages\/3242\/revisions\/3245"}],"wp:attachment":[{"href":"http:\/\/www.jukkatakalo.fi\/index.php?rest_route=%2Fwp%2Fv2%2Fmedia&parent=3242"}],"curies":[{"name":"wp","href":"https:\/\/api.w.org\/{rel}","templated":true}]}}