{"id":3454,"date":"2022-08-02T11:48:50","date_gmt":"2022-08-02T08:48:50","guid":{"rendered":"http:\/\/www.jukkatakalo.fi\/?page_id=3454"},"modified":"2022-09-08T04:13:03","modified_gmt":"2022-09-08T01:13:03","slug":"twiittijokisarja-ilmestyy-9-9-2022","status":"publish","type":"page","link":"http:\/\/www.jukkatakalo.fi\/?page_id=3454","title":{"rendered":"Twiittijokisarja &#8211; omael\u00e4m\u00e4kerrallinen runoelma"},"content":{"rendered":"<p><a href=\"http:\/\/www.jukkatakalo.fi\/wp\/wp-content\/uploads\/2022\/08\/Twiittijokisarja_1etukansi_1080px.jpg\"><img decoding=\"async\" loading=\"lazy\" class=\"wp-image-3456 alignright\" src=\"http:\/\/www.jukkatakalo.fi\/wp\/wp-content\/uploads\/2022\/08\/Twiittijokisarja_1etukansi_1080px.jpg\" alt=\"\" width=\"284\" height=\"284\" srcset=\"http:\/\/www.jukkatakalo.fi\/wp\/wp-content\/uploads\/2022\/08\/Twiittijokisarja_1etukansi_1080px.jpg 1080w, http:\/\/www.jukkatakalo.fi\/wp\/wp-content\/uploads\/2022\/08\/Twiittijokisarja_1etukansi_1080px-150x150.jpg 150w, http:\/\/www.jukkatakalo.fi\/wp\/wp-content\/uploads\/2022\/08\/Twiittijokisarja_1etukansi_1080px-300x300.jpg 300w, http:\/\/www.jukkatakalo.fi\/wp\/wp-content\/uploads\/2022\/08\/Twiittijokisarja_1etukansi_1080px-768x768.jpg 768w, http:\/\/www.jukkatakalo.fi\/wp\/wp-content\/uploads\/2022\/08\/Twiittijokisarja_1etukansi_1080px-1024x1024.jpg 1024w\" sizes=\"(max-width: 284px) 100vw, 284px\" \/><\/a><a href=\"http:\/\/www.jukkatakalo.fi\/wp\/wp-content\/uploads\/2022\/08\/Twiittijokisarja_2takakansi_1080px.jpg\"><img decoding=\"async\" loading=\"lazy\" class=\"wp-image-3457 alignright\" src=\"http:\/\/www.jukkatakalo.fi\/wp\/wp-content\/uploads\/2022\/08\/Twiittijokisarja_2takakansi_1080px.jpg\" alt=\"\" width=\"280\" height=\"280\" srcset=\"http:\/\/www.jukkatakalo.fi\/wp\/wp-content\/uploads\/2022\/08\/Twiittijokisarja_2takakansi_1080px.jpg 1080w, http:\/\/www.jukkatakalo.fi\/wp\/wp-content\/uploads\/2022\/08\/Twiittijokisarja_2takakansi_1080px-150x150.jpg 150w, http:\/\/www.jukkatakalo.fi\/wp\/wp-content\/uploads\/2022\/08\/Twiittijokisarja_2takakansi_1080px-300x300.jpg 300w, http:\/\/www.jukkatakalo.fi\/wp\/wp-content\/uploads\/2022\/08\/Twiittijokisarja_2takakansi_1080px-768x768.jpg 768w, http:\/\/www.jukkatakalo.fi\/wp\/wp-content\/uploads\/2022\/08\/Twiittijokisarja_2takakansi_1080px-1024x1024.jpg 1024w\" sizes=\"(max-width: 280px) 100vw, 280px\" \/><\/a><em>NYT. Pit\u00e4\u00e4 julkaista el\u00e4m\u00e4kerta. P\u00e4\u00e4talo, Knausg\u00e5rd, Cervant\u00e9s. Ne vetiv\u00e4t isolla pensselill\u00e4.\u00a0<br class=\"\" \/>T\u00e4m\u00e4 aika vaatii tiivist\u00e4mist\u00e4. Ei ole luonnonvaroja hukattavaksi. Koko el\u00e4m\u00e4 26 twiitiss\u00e4.<\/em><\/p>\n<p>Alunperin twiittein\u00e4 julkaistu omael\u00e4m\u00e4kertateos on taiteilja Henna Raitalan taittama kirallinen korurasia. Popparina tunnetuksi tulleen Takalon tapauksessa kovakantisen teoksen piti olla kooltaan kompakti kuten CD-levyt, joilla t\u00e4h\u00e4nastisen el\u00e4m\u00e4n laulut on julkaistu.<\/p>\n<div class=\"\">\u201dTottakai se tiivis mitta ja koko on kannanotto. Olin aivan innoissani kun keksi teoksen taiteellisen konseptin jossa tiivistet\u00e4\u00e4n pari vuotta el\u00e4m\u00e4st\u00e4 yhden twiitin mittaan. Teksti\u00e4 hioessa ja niukentaessa j\u00e4ljelle j\u00e4\u00e4neet sanat, sanojen ja rivien v\u00e4lit, tuntuivat kertovan yll\u00e4tt\u00e4v\u00e4n suurta tarinaa niukkuudellaan. Kirjailijana s\u00e4\u00e4telin sit\u00e4 ilman m\u00e4\u00e4r\u00e4\u00e4 jota rivien ja twiittien v\u00e4liin j\u00e4i\u201d, sanoo Takalo.<\/div>\n<div class=\"\">\u201dEn kuitenkaan noudattanut orjallisesti P\u00e4\u00e4talon oppeja, vaan rikoin aikajatkumoa Tarantinon tyyliin.\u201d<\/div>\n<div class=\"\">&#8220;Saamani palautteen mukaan olen onnistunut. Jotkut kokevat tekstin runoina tai runoelmana, toiset tiiviin\u00e4 proosana, jopa haikuina.\u201d<\/div>\n<div class=\"\"><\/div>\n<div class=\"\">\n<div class=\"\">Sanottua:<\/div>\n<div class=\"\"><span class=\"\">Kirjailija Katariina Vuori: \u201dTuo on aivan superhyv\u00e4, parhaita lukemiani el\u00e4m\u00e4kertoja!\u201d<\/span><br class=\"\" \/>Kainuun Eino Leino -seuran Maarit Tartia-Kallio n\u00e4kee Twiittijokisarjan runoteoksena. Vertailukohdaksi l\u00f6ytyy Pentti Saarikoski.\u00a0\u00a0<br class=\"\" \/>&#8220;Ei mit\u00e4\u00e4n suurilla tunteilla helskyttely\u00e4. L\u00e4hes lakonista toteamista esineist\u00e4, asioista ja tapahtumista.\u00a0\u00a0<br class=\"\" \/>Kuitenkin ilmaistaan isoja asioita. Takalon runojen estetiikka toimii samalla tavalla.\u201d\u00a0<br class=\"\" \/>Lukija: \u201dTiivis lause on monesti hyv\u00e4\u201d.<\/div>\n<\/div>\n<p><a href=\"http:\/\/www.jukkatakalo.fi\/wp\/wp-content\/uploads\/2022\/08\/Twiittijokisarja_twiittijarkale_6.jpg\"><img decoding=\"async\" loading=\"lazy\" class=\"aligncenter size-full wp-image-3464\" src=\"http:\/\/www.jukkatakalo.fi\/wp\/wp-content\/uploads\/2022\/08\/Twiittijokisarja_twiittijarkale_6.jpg\" alt=\"\" width=\"1080\" height=\"1080\" srcset=\"http:\/\/www.jukkatakalo.fi\/wp\/wp-content\/uploads\/2022\/08\/Twiittijokisarja_twiittijarkale_6.jpg 1080w, http:\/\/www.jukkatakalo.fi\/wp\/wp-content\/uploads\/2022\/08\/Twiittijokisarja_twiittijarkale_6-150x150.jpg 150w, http:\/\/www.jukkatakalo.fi\/wp\/wp-content\/uploads\/2022\/08\/Twiittijokisarja_twiittijarkale_6-300x300.jpg 300w, http:\/\/www.jukkatakalo.fi\/wp\/wp-content\/uploads\/2022\/08\/Twiittijokisarja_twiittijarkale_6-768x768.jpg 768w, http:\/\/www.jukkatakalo.fi\/wp\/wp-content\/uploads\/2022\/08\/Twiittijokisarja_twiittijarkale_6-1024x1024.jpg 1024w\" sizes=\"(max-width: 1080px) 100vw, 1080px\" \/><\/a> <a href=\"http:\/\/www.jukkatakalo.fi\/wp\/wp-content\/uploads\/2022\/08\/Twiittijokisarja_twiittii-nro11_6.jpg\"><img decoding=\"async\" loading=\"lazy\" class=\"aligncenter size-large wp-image-3463\" src=\"http:\/\/www.jukkatakalo.fi\/wp\/wp-content\/uploads\/2022\/08\/Twiittijokisarja_twiittii-nro11_6-1024x1024.jpg\" alt=\"\" width=\"584\" height=\"584\" srcset=\"http:\/\/www.jukkatakalo.fi\/wp\/wp-content\/uploads\/2022\/08\/Twiittijokisarja_twiittii-nro11_6-1024x1024.jpg 1024w, http:\/\/www.jukkatakalo.fi\/wp\/wp-content\/uploads\/2022\/08\/Twiittijokisarja_twiittii-nro11_6-150x150.jpg 150w, http:\/\/www.jukkatakalo.fi\/wp\/wp-content\/uploads\/2022\/08\/Twiittijokisarja_twiittii-nro11_6-300x300.jpg 300w, http:\/\/www.jukkatakalo.fi\/wp\/wp-content\/uploads\/2022\/08\/Twiittijokisarja_twiittii-nro11_6-768x768.jpg 768w, http:\/\/www.jukkatakalo.fi\/wp\/wp-content\/uploads\/2022\/08\/Twiittijokisarja_twiittii-nro11_6.jpg 1080w\" sizes=\"(max-width: 584px) 100vw, 584px\" \/><\/a><a href=\"http:\/\/www.jukkatakalo.fi\/wp\/wp-content\/uploads\/2022\/08\/Twiittijokisarja_kannet_7.jpg\"><img decoding=\"async\" loading=\"lazy\" class=\"aligncenter size-large wp-image-3460\" src=\"http:\/\/www.jukkatakalo.fi\/wp\/wp-content\/uploads\/2022\/08\/Twiittijokisarja_kannet_7-1024x1024.jpg\" alt=\"\" width=\"584\" height=\"584\" srcset=\"http:\/\/www.jukkatakalo.fi\/wp\/wp-content\/uploads\/2022\/08\/Twiittijokisarja_kannet_7-1024x1024.jpg 1024w, http:\/\/www.jukkatakalo.fi\/wp\/wp-content\/uploads\/2022\/08\/Twiittijokisarja_kannet_7-150x150.jpg 150w, http:\/\/www.jukkatakalo.fi\/wp\/wp-content\/uploads\/2022\/08\/Twiittijokisarja_kannet_7-300x300.jpg 300w, http:\/\/www.jukkatakalo.fi\/wp\/wp-content\/uploads\/2022\/08\/Twiittijokisarja_kannet_7-768x768.jpg 768w, http:\/\/www.jukkatakalo.fi\/wp\/wp-content\/uploads\/2022\/08\/Twiittijokisarja_kannet_7.jpg 1080w\" sizes=\"(max-width: 584px) 100vw, 584px\" \/><\/a><a href=\"http:\/\/www.jukkatakalo.fi\/wp\/wp-content\/uploads\/2022\/08\/Twiittijokisarja_kirja-nelio_1920px.jpeg\"><img decoding=\"async\" loading=\"lazy\" class=\"alignright size-large wp-image-3474\" src=\"http:\/\/www.jukkatakalo.fi\/wp\/wp-content\/uploads\/2022\/08\/Twiittijokisarja_kirja-nelio_1920px-1024x1024.jpeg\" alt=\"\" width=\"584\" height=\"584\" srcset=\"http:\/\/www.jukkatakalo.fi\/wp\/wp-content\/uploads\/2022\/08\/Twiittijokisarja_kirja-nelio_1920px-1024x1024.jpeg 1024w, http:\/\/www.jukkatakalo.fi\/wp\/wp-content\/uploads\/2022\/08\/Twiittijokisarja_kirja-nelio_1920px-150x150.jpeg 150w, http:\/\/www.jukkatakalo.fi\/wp\/wp-content\/uploads\/2022\/08\/Twiittijokisarja_kirja-nelio_1920px-300x300.jpeg 300w, http:\/\/www.jukkatakalo.fi\/wp\/wp-content\/uploads\/2022\/08\/Twiittijokisarja_kirja-nelio_1920px-768x768.jpeg 768w, http:\/\/www.jukkatakalo.fi\/wp\/wp-content\/uploads\/2022\/08\/Twiittijokisarja_kirja-nelio_1920px.jpeg 1920w\" sizes=\"(max-width: 584px) 100vw, 584px\" \/><\/a><\/p>\n","protected":false},"excerpt":{"rendered":"<p>NYT. Pit\u00e4\u00e4 julkaista el\u00e4m\u00e4kerta. P\u00e4\u00e4talo, Knausg\u00e5rd, Cervant\u00e9s. Ne vetiv\u00e4t isolla pensselill\u00e4.\u00a0T\u00e4m\u00e4 aika vaatii tiivist\u00e4mist\u00e4. Ei ole luonnonvaroja hukattavaksi. Koko el\u00e4m\u00e4 26 twiitiss\u00e4. Alunperin twiittein\u00e4 julkaistu omael\u00e4m\u00e4kertateos on taiteilja Henna Raitalan taittama kirallinen korurasia. Popparina tunnetuksi tulleen Takalon tapauksessa kovakantisen teoksen &hellip; <a href=\"http:\/\/www.jukkatakalo.fi\/?page_id=3454\">Continue reading <span class=\"meta-nav\">&rarr;<\/span><\/a><\/p>\n","protected":false},"author":1,"featured_media":0,"parent":0,"menu_order":0,"comment_status":"closed","ping_status":"closed","template":"","meta":[],"_links":{"self":[{"href":"http:\/\/www.jukkatakalo.fi\/index.php?rest_route=\/wp\/v2\/pages\/3454"}],"collection":[{"href":"http:\/\/www.jukkatakalo.fi\/index.php?rest_route=\/wp\/v2\/pages"}],"about":[{"href":"http:\/\/www.jukkatakalo.fi\/index.php?rest_route=\/wp\/v2\/types\/page"}],"author":[{"embeddable":true,"href":"http:\/\/www.jukkatakalo.fi\/index.php?rest_route=\/wp\/v2\/users\/1"}],"replies":[{"embeddable":true,"href":"http:\/\/www.jukkatakalo.fi\/index.php?rest_route=%2Fwp%2Fv2%2Fcomments&post=3454"}],"version-history":[{"count":6,"href":"http:\/\/www.jukkatakalo.fi\/index.php?rest_route=\/wp\/v2\/pages\/3454\/revisions"}],"predecessor-version":[{"id":3495,"href":"http:\/\/www.jukkatakalo.fi\/index.php?rest_route=\/wp\/v2\/pages\/3454\/revisions\/3495"}],"wp:attachment":[{"href":"http:\/\/www.jukkatakalo.fi\/index.php?rest_route=%2Fwp%2Fv2%2Fmedia&parent=3454"}],"curies":[{"name":"wp","href":"https:\/\/api.w.org\/{rel}","templated":true}]}}