{"id":202,"date":"2010-02-09T11:00:18","date_gmt":"2010-02-09T09:00:18","guid":{"rendered":"http:\/\/www.jukkatakalo.fi\/?page_id=202"},"modified":"2010-12-24T00:04:05","modified_gmt":"2010-12-23T22:04:05","slug":"goodies","status":"publish","type":"page","link":"https:\/\/www.jukkatakalo.fi\/?page_id=202","title":{"rendered":"Goodies! Ilimatteex!"},"content":{"rendered":"<h3>Porsaita \u00e4idin ootte kaikki!<\/h3>\n<p><span style=\"font-weight: normal;\">Joulun kunniaksi voitte k\u00e4ske\u00e4 puhelimenne olemaan soittamatta heavya! Imuttakkee kansalaiset ja pankaa ladaten t\u00e4st\u00e4:<\/span><\/p>\n<h3><strong><a href=\"http:\/\/www.jukkatakalo.fi\/wp\/wp-content\/uploads\/2010\/02\/Ne-ei-anna-mun-soittaa-heavyalow.mp3\"><span style=\"color: #ff0000;\">Ne ei anna mun soittaa heavya!<\/span> <\/a><span style=\"color: #008080;\"><a href=\"http:\/\/www.jukkatakalo.fi\/wp\/wp-content\/uploads\/2010\/02\/Ne-ei-anna-mun-soittaa-heavyalow.mp3\"><span style=\"color: #008000;\">-soitto\u00e4\u00e4ni<\/span><\/a><\/span><\/strong><\/h3>\n<p><span style=\"color: #ff0000;\"><span style=\"color: #008080;\">***<\/span><\/span><\/p>\n<h3>HOMO-SOITTO\u00c4\u00c4NI<\/h3>\n<p>Tee unohtumaton vaikutus Siwan kassalla tai anoppilassa.<br \/>\nLataa k\u00e4nnykk\u00e4\u00e4si aito &#8220;Jokainen on v\u00e4h\u00e4n homo&#8221; -mp3-soitto\u00e4\u00e4ni.<br \/>\nKUUNTELE ENSIN&#8230;<\/p>\n<p class=\"audioplayer_container\"><span style=\"display:block;padding:5px;border:1px solid #dddddd;background:#f8f8f8\" id=\"audioplayer_1\">Audio clip: Adobe Flash Player (version 9 or above) is required to play this audio clip. Download the latest version <a href=\"http:\/\/www.adobe.com\/shockwave\/download\/download.cgi?P1_Prod_Version=ShockwaveFlash&amp;promoid=BIOW\" title=\"Download Adobe Flash Player\">here<\/a>. You also need to have JavaScript enabled in your browser.<\/span><\/p>\n<p><a href=\"http:\/\/www.jukkatakalo.fi\/wp\/wp-content\/uploads\/2010\/02\/Jokainen-on-v\u00e4h\u00e4n-homo-soitto\u00e4\u00e4ni-c-sound-of-finland-jukka-takalo.mp3\">&#8230;JA LATAA MP3-SOITTO\u00c4\u00c4NI T\u00c4ST\u00c4!<\/a><br \/>\n<em> (Windowsissa klikkaa oikeata nappia ja save as\/tallenna nimell\u00e4. Macin k\u00e4ytt\u00e4j\u00e4t luulee olevansa sen verran fiksuja ett\u00e4 osaavat ilman ohjeitakin.)<\/em><\/p>\n<p>Eik\u00e4 maksa mitt\u00e4\u00e4n.<\/p>\n<p><em>(Ja turha tulla sitten kyselem\u00e4\u00e4n ett\u00e4 miten sen saa puhelimeen soimaan, enk\u00e4 tied\u00e4 ett\u00e4 mink\u00e4 malliset k\u00e4nnypuhelimet t\u00e4llaiseen ees kykenev\u00e4t.)<\/em><\/p>\n<h3>Haukiputaan Heitto SOITTO\u00c4\u00c4NI<\/h3>\n<p>Lick it down.<\/p>\n<p><a href=\"http:\/\/www.jukkatakalo.fi\/wp\/wp-content\/uploads\/2010\/03\/Haukiputaan-Heitto-SOITTO\u00c4\u00c4NI.mp3\">Haukiputaan Heitto SOITTO\u00c4\u00c4NI<\/a><\/p>\n","protected":false},"excerpt":{"rendered":"<p>Porsaita \u00e4idin ootte kaikki! Joulun kunniaksi voitte k\u00e4ske\u00e4 puhelimenne olemaan soittamatta heavya! Imuttakkee kansalaiset ja pankaa ladaten t\u00e4st\u00e4: Ne ei anna mun soittaa heavya! -soitto\u00e4\u00e4ni *** HOMO-SOITTO\u00c4\u00c4NI Tee unohtumaton vaikutus Siwan kassalla tai anoppilassa. Lataa k\u00e4nnykk\u00e4\u00e4si aito &#8220;Jokainen on v\u00e4h\u00e4n &hellip; <a href=\"https:\/\/www.jukkatakalo.fi\/?page_id=202\">Continue reading <span class=\"meta-nav\">&rarr;<\/span><\/a><\/p>\n","protected":false},"author":1,"featured_media":0,"parent":0,"menu_order":9,"comment_status":"open","ping_status":"open","template":"","meta":[],"_links":{"self":[{"href":"https:\/\/www.jukkatakalo.fi\/index.php?rest_route=\/wp\/v2\/pages\/202"}],"collection":[{"href":"https:\/\/www.jukkatakalo.fi\/index.php?rest_route=\/wp\/v2\/pages"}],"about":[{"href":"https:\/\/www.jukkatakalo.fi\/index.php?rest_route=\/wp\/v2\/types\/page"}],"author":[{"embeddable":true,"href":"https:\/\/www.jukkatakalo.fi\/index.php?rest_route=\/wp\/v2\/users\/1"}],"replies":[{"embeddable":true,"href":"https:\/\/www.jukkatakalo.fi\/index.php?rest_route=%2Fwp%2Fv2%2Fcomments&post=202"}],"version-history":[{"count":30,"href":"https:\/\/www.jukkatakalo.fi\/index.php?rest_route=\/wp\/v2\/pages\/202\/revisions"}],"predecessor-version":[{"id":205,"href":"https:\/\/www.jukkatakalo.fi\/index.php?rest_route=\/wp\/v2\/pages\/202\/revisions\/205"}],"wp:attachment":[{"href":"https:\/\/www.jukkatakalo.fi\/index.php?rest_route=%2Fwp%2Fv2%2Fmedia&parent=202"}],"curies":[{"name":"wp","href":"https:\/\/api.w.org\/{rel}","templated":true}]}}