{"id":269,"date":"2010-03-15T23:56:11","date_gmt":"2010-03-15T21:56:11","guid":{"rendered":"http:\/\/www.jukkatakalo.fi\/?page_id=269"},"modified":"2012-12-27T16:44:53","modified_gmt":"2012-12-27T14:44:53","slug":"sadut-ja-tarinat","status":"publish","type":"page","link":"https:\/\/www.jukkatakalo.fi\/?page_id=269","title":{"rendered":"Sadut ja tarinat"},"content":{"rendered":"<div style=\"text-align: center;\"><span style=\"color: #ff6600;\"><span class=\"Apple-style-span\" style=\"font-size: 11px; font-weight: 800;\"><a href=\"http:\/\/www.jukkatakalo.fi\/wp\/wp-content\/uploads\/2010\/03\/V\u00e4ltt\u00e4m\u00e4t\u00f6n-yhteinen-etu-Novel-by-Jukka-Takalo.jpg\"><img decoding=\"async\" loading=\"lazy\" class=\"alignright size-large wp-image-1979\" title=\"V\u00e4ltt\u00e4m\u00e4t\u00f6n yhteinen etu - A Novel by Jukka Takalo\" src=\"http:\/\/www.jukkatakalo.fi\/wp\/wp-content\/uploads\/2010\/03\/V\u00e4ltt\u00e4m\u00e4t\u00f6n-yhteinen-etu-Novel-by-Jukka-Takalo-1024x926.jpg\" alt=\"\" width=\"717\" height=\"648\" srcset=\"https:\/\/www.jukkatakalo.fi\/wp\/wp-content\/uploads\/2010\/03\/V\u00e4ltt\u00e4m\u00e4t\u00f6n-yhteinen-etu-Novel-by-Jukka-Takalo-1024x926.jpg 1024w, https:\/\/www.jukkatakalo.fi\/wp\/wp-content\/uploads\/2010\/03\/V\u00e4ltt\u00e4m\u00e4t\u00f6n-yhteinen-etu-Novel-by-Jukka-Takalo-300x271.jpg 300w, https:\/\/www.jukkatakalo.fi\/wp\/wp-content\/uploads\/2010\/03\/V\u00e4ltt\u00e4m\u00e4t\u00f6n-yhteinen-etu-Novel-by-Jukka-Takalo-150x135.jpg 150w, https:\/\/www.jukkatakalo.fi\/wp\/wp-content\/uploads\/2010\/03\/V\u00e4ltt\u00e4m\u00e4t\u00f6n-yhteinen-etu-Novel-by-Jukka-Takalo-400x361.jpg 400w, https:\/\/www.jukkatakalo.fi\/wp\/wp-content\/uploads\/2010\/03\/V\u00e4ltt\u00e4m\u00e4t\u00f6n-yhteinen-etu-Novel-by-Jukka-Takalo.jpg 1205w\" sizes=\"(max-width: 717px) 100vw, 717px\" \/><\/a><a href=\"http:\/\/www.jukkatakalo.fi\/wp\/wp-content\/uploads\/2010\/03\/V\u00e4ltt\u00e4m\u00e4t\u00f6n-yhteinen-etu-Novel-by-Jukka-Takalo.jpg\"><br \/>\n<\/a><a href=\"http:\/\/www.jukkatakalo.fi\/wp\/wp-content\/uploads\/2010\/03\/V\u00e4ltt\u00e4m\u00e4t\u00f6n-yhteinen-etu-Novel-by-Jukka-Takalo.jpg\"><br \/>\n<\/a><br \/>\n<\/span><\/span><\/div>\n","protected":false},"excerpt":{"rendered":"","protected":false},"author":1,"featured_media":0,"parent":0,"menu_order":8,"comment_status":"open","ping_status":"open","template":"","meta":[],"_links":{"self":[{"href":"https:\/\/www.jukkatakalo.fi\/index.php?rest_route=\/wp\/v2\/pages\/269"}],"collection":[{"href":"https:\/\/www.jukkatakalo.fi\/index.php?rest_route=\/wp\/v2\/pages"}],"about":[{"href":"https:\/\/www.jukkatakalo.fi\/index.php?rest_route=\/wp\/v2\/types\/page"}],"author":[{"embeddable":true,"href":"https:\/\/www.jukkatakalo.fi\/index.php?rest_route=\/wp\/v2\/users\/1"}],"replies":[{"embeddable":true,"href":"https:\/\/www.jukkatakalo.fi\/index.php?rest_route=%2Fwp%2Fv2%2Fcomments&post=269"}],"version-history":[{"count":50,"href":"https:\/\/www.jukkatakalo.fi\/index.php?rest_route=\/wp\/v2\/pages\/269\/revisions"}],"predecessor-version":[{"id":279,"href":"https:\/\/www.jukkatakalo.fi\/index.php?rest_route=\/wp\/v2\/pages\/269\/revisions\/279"}],"wp:attachment":[{"href":"https:\/\/www.jukkatakalo.fi\/index.php?rest_route=%2Fwp%2Fv2%2Fmedia&parent=269"}],"curies":[{"name":"wp","href":"https:\/\/api.w.org\/{rel}","templated":true}]}}