{"id":2784,"date":"2016-10-26T15:02:47","date_gmt":"2016-10-26T12:02:47","guid":{"rendered":"http:\/\/www.jukkatakalo.fi\/?page_id=2784"},"modified":"2016-10-26T16:05:03","modified_gmt":"2016-10-26T13:05:03","slug":"aknestik-2000","status":"publish","type":"page","link":"https:\/\/www.jukkatakalo.fi\/?page_id=2784","title":{"rendered":"AKNESTIK"},"content":{"rendered":"<p>Muinaisen Aknestik-yhtyeen retroisat nettisivut j\u00e4lleen ihailtavissa!<br \/>\nJulkaisut-painikkeen alta l\u00f6ytyv\u00e4t mm. laulujen sanat ja soinnut! Unohtumattomia valokuvia ja historiallisia hieroglyfej\u00e4 retkilt\u00e4.<\/p>\n<p><strong><span style=\"color: #ff6600;\"><a style=\"color: #ff6600;\" href=\"http:\/\/www.jukkatakalo.fi\/aknestik\/\" target=\"_blank\">KLIKKAA T\u00c4ST\u00c4 AKNESTIKIN MAAILMAAN!<\/a><\/span><\/strong><a href=\"http:\/\/www.jukkatakalo.fi\/wp\/wp-content\/uploads\/2012\/01\/pokocd389_web.jpg\"><img decoding=\"async\" loading=\"lazy\" class=\"alignright size-full wp-image-1375\" src=\"http:\/\/www.jukkatakalo.fi\/wp\/wp-content\/uploads\/2012\/01\/pokocd389_web.jpg\" alt=\"pokocd389_web\" width=\"200\" height=\"200\" srcset=\"https:\/\/www.jukkatakalo.fi\/wp\/wp-content\/uploads\/2012\/01\/pokocd389_web.jpg 200w, https:\/\/www.jukkatakalo.fi\/wp\/wp-content\/uploads\/2012\/01\/pokocd389_web-150x150.jpg 150w\" sizes=\"(max-width: 200px) 100vw, 200px\" \/><\/a><\/p>\n<p>Striimerill\u00e4 saa:<\/p>\n<p><span style=\"color: #ff0000;\"><strong><a style=\"color: #ff0000;\" href=\"http:\/\/open.spotify.com\/artist\/3sum8ccg4vBMci3mJro7s0\" target=\"_blank\">Kuuntele Aknestikkia Spotifyssa!<\/a><\/strong><\/span><\/p>\n","protected":false},"excerpt":{"rendered":"<p>Muinaisen Aknestik-yhtyeen retroisat nettisivut j\u00e4lleen ihailtavissa! Julkaisut-painikkeen alta l\u00f6ytyv\u00e4t mm. laulujen sanat ja soinnut! Unohtumattomia valokuvia ja historiallisia hieroglyfej\u00e4 retkilt\u00e4. KLIKKAA T\u00c4ST\u00c4 AKNESTIKIN MAAILMAAN! Striimerill\u00e4 saa: Kuuntele Aknestikkia Spotifyssa!<\/p>\n","protected":false},"author":1,"featured_media":0,"parent":0,"menu_order":8,"comment_status":"closed","ping_status":"closed","template":"","meta":[],"_links":{"self":[{"href":"https:\/\/www.jukkatakalo.fi\/index.php?rest_route=\/wp\/v2\/pages\/2784"}],"collection":[{"href":"https:\/\/www.jukkatakalo.fi\/index.php?rest_route=\/wp\/v2\/pages"}],"about":[{"href":"https:\/\/www.jukkatakalo.fi\/index.php?rest_route=\/wp\/v2\/types\/page"}],"author":[{"embeddable":true,"href":"https:\/\/www.jukkatakalo.fi\/index.php?rest_route=\/wp\/v2\/users\/1"}],"replies":[{"embeddable":true,"href":"https:\/\/www.jukkatakalo.fi\/index.php?rest_route=%2Fwp%2Fv2%2Fcomments&post=2784"}],"version-history":[{"count":6,"href":"https:\/\/www.jukkatakalo.fi\/index.php?rest_route=\/wp\/v2\/pages\/2784\/revisions"}],"predecessor-version":[{"id":2791,"href":"https:\/\/www.jukkatakalo.fi\/index.php?rest_route=\/wp\/v2\/pages\/2784\/revisions\/2791"}],"wp:attachment":[{"href":"https:\/\/www.jukkatakalo.fi\/index.php?rest_route=%2Fwp%2Fv2%2Fmedia&parent=2784"}],"curies":[{"name":"wp","href":"https:\/\/api.w.org\/{rel}","templated":true}]}}