{"id":3015,"date":"2017-09-19T19:19:34","date_gmt":"2017-09-19T16:19:34","guid":{"rendered":"http:\/\/www.jukkatakalo.fi\/?page_id=3015"},"modified":"2019-02-13T11:22:29","modified_gmt":"2019-02-13T09:22:29","slug":"vastarannan-siili-kuuluu-kaikille","status":"publish","type":"page","link":"https:\/\/www.jukkatakalo.fi\/?page_id=3015","title":{"rendered":"Vastarannan Siili Kuuluu kaikille!"},"content":{"rendered":"<div id=\"attachment_3282\" style=\"width: 594px\" class=\"wp-caption alignnone\"><a href=\"http:\/\/www.jukkatakalo.fi\/wp\/wp-content\/uploads\/2017\/09\/VASTARANNAN-SIILI.jpg\"><img aria-describedby=\"caption-attachment-3282\" decoding=\"async\" loading=\"lazy\" class=\"size-large wp-image-3282\" src=\"http:\/\/www.jukkatakalo.fi\/wp\/wp-content\/uploads\/2017\/09\/VASTARANNAN-SIILI-1024x712.jpg\" alt=\"\" width=\"584\" height=\"406\" srcset=\"https:\/\/www.jukkatakalo.fi\/wp\/wp-content\/uploads\/2017\/09\/VASTARANNAN-SIILI-1024x712.jpg 1024w, https:\/\/www.jukkatakalo.fi\/wp\/wp-content\/uploads\/2017\/09\/VASTARANNAN-SIILI-300x209.jpg 300w, https:\/\/www.jukkatakalo.fi\/wp\/wp-content\/uploads\/2017\/09\/VASTARANNAN-SIILI-768x534.jpg 768w, https:\/\/www.jukkatakalo.fi\/wp\/wp-content\/uploads\/2017\/09\/VASTARANNAN-SIILI-431x300.jpg 431w\" sizes=\"(max-width: 584px) 100vw, 584px\" \/><\/a><p id=\"caption-attachment-3282\" class=\"wp-caption-text\">Vasemmalta oikealle: Ky\u00f6sti Salmij\u00e4rvi, Jukka Takalo, Markus Lampela<br \/>Kuva: Vesa Ranta (painoresoluutio)<\/p><\/div>\n<div id=\"attachment_3010\" style=\"width: 594px\" class=\"wp-caption alignnone\"><a href=\"http:\/\/www.jukkatakalo.fi\/wp\/wp-content\/uploads\/2010\/04\/VastarannanSiilijuliste_a3.jpg\"><img aria-describedby=\"caption-attachment-3010\" decoding=\"async\" loading=\"lazy\" class=\"size-large wp-image-3010\" src=\"http:\/\/www.jukkatakalo.fi\/wp\/wp-content\/uploads\/2010\/04\/VastarannanSiilijuliste_a3-724x1024.jpg\" alt=\"\" width=\"584\" height=\"826\" srcset=\"https:\/\/www.jukkatakalo.fi\/wp\/wp-content\/uploads\/2010\/04\/VastarannanSiilijuliste_a3-724x1024.jpg 724w, https:\/\/www.jukkatakalo.fi\/wp\/wp-content\/uploads\/2010\/04\/VastarannanSiilijuliste_a3-212x300.jpg 212w, https:\/\/www.jukkatakalo.fi\/wp\/wp-content\/uploads\/2010\/04\/VastarannanSiilijuliste_a3-768x1086.jpg 768w\" sizes=\"(max-width: 584px) 100vw, 584px\" \/><\/a><p id=\"caption-attachment-3010\" class=\"wp-caption-text\">Vastarannan Siili juliste A3<br \/>piirros: Harri Filppa<\/p><\/div>\n<div id=\"attachment_3044\" style=\"width: 970px\" class=\"wp-caption alignnone\"><a href=\"http:\/\/www.jukkatakalo.fi\/wp\/wp-content\/uploads\/2017\/11\/Vastis-Rane-UNPLUGGED.jpg\"><img aria-describedby=\"caption-attachment-3044\" decoding=\"async\" loading=\"lazy\" class=\"size-full wp-image-3044\" src=\"http:\/\/www.jukkatakalo.fi\/wp\/wp-content\/uploads\/2017\/11\/Vastis-Rane-UNPLUGGED.jpg\" alt=\"\" width=\"960\" height=\"416\" srcset=\"https:\/\/www.jukkatakalo.fi\/wp\/wp-content\/uploads\/2017\/11\/Vastis-Rane-UNPLUGGED.jpg 960w, https:\/\/www.jukkatakalo.fi\/wp\/wp-content\/uploads\/2017\/11\/Vastis-Rane-UNPLUGGED-300x130.jpg 300w, https:\/\/www.jukkatakalo.fi\/wp\/wp-content\/uploads\/2017\/11\/Vastis-Rane-UNPLUGGED-768x333.jpg 768w, https:\/\/www.jukkatakalo.fi\/wp\/wp-content\/uploads\/2017\/11\/Vastis-Rane-UNPLUGGED-500x217.jpg 500w\" sizes=\"(max-width: 960px) 100vw, 960px\" \/><\/a><p id=\"caption-attachment-3044\" class=\"wp-caption-text\">Vastarannan Siili banneri vaikka Facebook-eventtiin.<br \/>kuva: Rauno Koskela<br \/>piirros: Harri Filppa<\/p><\/div>\n<p align=\"LEFT\"><span style=\"color: #000000;\"><span style=\"font-family: Helvetica,sans-serif;\"><span style=\"font-size: medium;\"><b>Kuplettimies Jukka Takalo ja Soiva Siili yhdistiv\u00e4t voimansa, syntyi kantaaottavan riemukas koko perheen levy<\/b><\/span><\/span><\/span><\/p>\n<p align=\"LEFT\"><span style=\"color: #000000;\"><span style=\"font-family: Helvetica,sans-serif;\"><span style=\"font-size: medium;\"><b><br \/>\n<span style=\"font-size: xx-large;\">Vastarannan Siili vie levyll\u00e4\u00e4n Putinin ja Trumpin saunaan!<\/span><br \/>\n<\/b><\/span><\/span><\/span><\/p>\n<p align=\"LEFT\"><span style=\"color: #000000;\"><span style=\"font-family: Helvetica,sans-serif;\"><span style=\"font-size: medium;\"><i><b>Aknestik<\/b><\/i><\/span><\/span><\/span><span style=\"color: #000000;\"><span style=\"font-family: Helvetica,sans-serif;\"><span style=\"font-size: medium;\">-yhtyeess\u00e4 uransa aloittaneen poppari <\/span><\/span><\/span><span style=\"color: #000000;\"><span style=\"font-family: Helvetica,sans-serif;\"><span style=\"font-size: medium;\"><i><b>Jukka <a href=\"http:\/\/www.jukkatakalo.fi\/wp\/wp-content\/uploads\/2010\/04\/Vastarannan-Siili-Kuuluu-kaikille.jpg\"><img decoding=\"async\" loading=\"lazy\" class=\"wp-image-3011 alignright\" src=\"http:\/\/www.jukkatakalo.fi\/wp\/wp-content\/uploads\/2010\/04\/Vastarannan-Siili-Kuuluu-kaikille-150x150.jpg\" alt=\"\" width=\"191\" height=\"191\" \/><\/a>Takalon<\/b><\/i><\/span><\/span><\/span><span style=\"color: #000000;\"><span style=\"font-family: Helvetica,sans-serif;\"><span style=\"font-size: medium;\"> ja valtiopalkitun lastenmusiikki-duo <\/span><\/span><\/span><span style=\"color: #000000;\"><span style=\"font-family: Helvetica,sans-serif;\"><span style=\"font-size: medium;\"><i><b>Soiva Siilin<\/b><\/i><\/span><\/span><\/span><span style=\"color: #000000;\"><span style=\"font-family: Helvetica,sans-serif;\"><span style=\"font-size: medium;\"> (<\/span><\/span><\/span><span style=\"color: #000000;\"><span style=\"font-family: Helvetica,sans-serif;\"><span style=\"font-size: medium;\"><i><b>Markus Lampela<\/b><\/i><\/span><\/span><\/span><span style=\"color: #000000;\"><span style=\"font-family: Helvetica,sans-serif;\"><span style=\"font-size: medium;\">, <\/span><\/span><\/span><span style=\"color: #000000;\"><span style=\"font-family: Helvetica,sans-serif;\"><span style=\"font-size: medium;\"><i><b>Ky\u00f6sti Salmij\u00e4rvi<\/b><\/i><\/span><\/span><\/span><span style=\"color: #000000;\"><span style=\"font-family: Helvetica,sans-serif;\"><span style=\"font-size: medium;\">) yhteisty\u00f6 kantaa hedelm\u00e4\u00e4 jo toista kertaa. Ensilevy p\u00e4\u00e4tyi 2015 aina Emma-ehdokkaaksi saakka.<\/span><\/span><\/span><\/p>\n<p align=\"LEFT\"><span style=\"color: #000000;\"><span style=\"font-family: Helvetica,sans-serif;\"><span style=\"font-size: medium;\">Uusi levy <\/span><\/span><\/span><span style=\"color: #000000;\"><span style=\"font-family: Helvetica,sans-serif;\"><span style=\"font-size: medium;\"><i><b>Vastarannan Siili &#8211; Kuuluu kaikille<\/b><\/i><\/span><\/span><\/span><span style=\"color: #000000;\"><span style=\"font-family: Helvetica,sans-serif;\"><span style=\"font-size: medium;\"> ilmestyi 15.9.2017<\/span><\/span><\/span><\/p>\n<p align=\"LEFT\"><span style=\"color: #000000;\"><span style=\"font-family: Helvetica,sans-serif;\"><span style=\"font-size: medium;\">Uusia lauluja ja levy\u00e4 on tehty pitk\u00e4\u00e4n ja hartaasti tuottaja <\/span><\/span><\/span><span style=\"color: #000000;\"><span style=\"font-family: Helvetica,sans-serif;\"><span style=\"font-size: medium;\"><i><b>Pentti Amoren<\/b><\/i><\/span><\/span><\/span><span style=\"color: #000000;\"><span style=\"font-family: Helvetica,sans-serif;\"><span style=\"font-size: medium;\"> johdolla. Lastenmusiikki, tai perhemusiikki, kuten yhtye itse musiikkiansa kuvailee, on sit\u00e4 t\u00e4rkeint\u00e4 musiikkia. Sit\u00e4 voivat kuunnella kaikki. Ajankohtaisia asioita k\u00e4sitell\u00e4\u00e4n pilke silm\u00e4kulmassa, vaikeitakaan asioita kaihtamatta. Laulut ovat hyv\u00e4 tapa k\u00e4sitell\u00e4 monenlaisia pelkoja ja mielenkiinnonkohteita. <\/span><\/span><\/span><\/p>\n<p><iframe loading=\"lazy\" src=\"https:\/\/lnk.to\/VSkuuluukaikilleWE\/widget?size=300x300\" width=\"300\" height=\"300\" frameborder=\"0\" scrolling=\"no\"><\/iframe><\/p>\n<p align=\"LEFT\"><span style=\"color: #000000;\"><span style=\"font-family: Helvetica,sans-serif;\"><span style=\"font-size: medium;\">Levyn sisarjulkaisuna ilmestyy <\/span><\/span><\/span><span style=\"color: #000000;\"><span style=\"font-family: Helvetica,sans-serif;\"><span style=\"font-size: medium;\"><i><b>Harri Filpan<\/b><\/i><\/span><\/span><\/span><span style=\"color: #000000;\"><span style=\"font-family: Helvetica,sans-serif;\"><span style=\"font-size: medium;\"> laulujen tarinoista piirt\u00e4m\u00e4 Vastarannan Siili <a href=\"http:\/\/www.jukkatakalo.fi\/wp\/wp-content\/uploads\/2010\/04\/vastarannansiilipiipertaa_kansikuva.jpg\"><img decoding=\"async\" loading=\"lazy\" class=\"alignright wp-image-3013\" src=\"http:\/\/www.jukkatakalo.fi\/wp\/wp-content\/uploads\/2010\/04\/vastarannansiilipiipertaa_kansikuva-150x150.jpg\" alt=\"\" width=\"230\" height=\"230\" srcset=\"https:\/\/www.jukkatakalo.fi\/wp\/wp-content\/uploads\/2010\/04\/vastarannansiilipiipertaa_kansikuva-150x150.jpg 150w, https:\/\/www.jukkatakalo.fi\/wp\/wp-content\/uploads\/2010\/04\/vastarannansiilipiipertaa_kansikuva-300x300.jpg 300w, https:\/\/www.jukkatakalo.fi\/wp\/wp-content\/uploads\/2010\/04\/vastarannansiilipiipertaa_kansikuva-768x768.jpg 768w, https:\/\/www.jukkatakalo.fi\/wp\/wp-content\/uploads\/2010\/04\/vastarannansiilipiipertaa_kansikuva-1024x1024.jpg 1024w, https:\/\/www.jukkatakalo.fi\/wp\/wp-content\/uploads\/2010\/04\/vastarannansiilipiipertaa_kansikuva.jpg 1748w\" sizes=\"(max-width: 230px) 100vw, 230px\" \/><\/a>piipert\u00e4\u00e4 -sarjakuvakirja.<\/span><\/span><\/span><\/p>\n<p align=\"LEFT\"><span style=\"color: #000000;\"><span style=\"font-family: Helvetica,sans-serif;\"><span style=\"font-size: medium;\"><i><b>&#8220;T\u00e4\u00e4ll\u00e4 monenlaista piipert\u00e4j\u00e4\u00e4 on. Piipert\u00e4j\u00e4\u00e4 kohtalon.<\/b><\/i><\/span><\/span><\/span><\/p>\n<p align=\"LEFT\"><span style=\"color: #000000;\"><span style=\"font-family: Helvetica,sans-serif;\"><span style=\"font-size: medium;\"><i><b>Jokainen on jollain lailla jostain pois, pihamailla.<\/b><\/i><\/span><\/span><\/span><\/p>\n<p align=\"LEFT\"><span style=\"color: #000000;\"><span style=\"font-family: Helvetica,sans-serif;\"><span style=\"font-size: medium;\"><i><b>El\u00e4m\u00e4 piiperryst\u00e4 on.&#8221;<\/b><\/i><\/span><\/span><\/span><\/p>\n<p align=\"LEFT\"><span style=\"color: #000000;\"><span style=\"font-family: Helvetica,sans-serif;\"><span style=\"font-size: medium;\"><b>\u00c4\u00e4nin\u00e4ytteit\u00e4<\/b><\/span><\/span><\/span><span style=\"color: #000000;\"><span style=\"font-family: Helvetica,sans-serif;\"><span style=\"font-size: medium;\"> ja <\/span><\/span><\/span><span style=\"color: #000000;\"><span style=\"font-family: Helvetica,sans-serif;\"><span style=\"font-size: medium;\"><b>videoteasereita<\/b><\/span><\/span><\/span><span style=\"color: #000000;\"><span style=\"font-family: Helvetica,sans-serif;\"><span style=\"font-size: medium;\"> uudelta albumilta:<br \/>\n<\/span><\/span><\/span><\/p>\n<p align=\"LEFT\"><span style=\"color: #000000;\"><span style=\"font-family: Helvetica,sans-serif;\"><span style=\"font-size: medium;\">\u00c4\u00e4nin\u00e4ytteit\u00e4: <\/span><\/span><\/span><span style=\"color: #ff6600; font-size: medium;\"><a style=\"color: #ff6600;\" href=\"http:\/\/Album sampler\" target=\"_blank\" rel=\"noopener noreferrer\"><span style=\"font-family: Helvetica,sans-serif;\"><u>https:\/\/youtu.be\/s3B13obsTu8<\/u><\/span><\/a><\/span><\/p>\n<p align=\"LEFT\"><span style=\"color: #000000;\"><span style=\"font-family: Helvetica,sans-serif;\"><span style=\"font-size: medium;\">Putin ja Trump saunomassa: <\/span><\/span><\/span><span style=\"color: #ff6600; font-size: medium;\"><a style=\"color: #ff6600;\" href=\"https:\/\/youtu.be\/uIs_8Sit-hM\" target=\"_blank\" rel=\"noopener noreferrer\"><span style=\"font-family: Helvetica,sans-serif;\"><u>https:\/\/youtu.be\/uIs_8Sit-hM<\/u><\/span><\/a><\/span><\/p>\n<p align=\"LEFT\"><span style=\"color: #000000;\"><span style=\"font-family: Helvetica,sans-serif;\"><span style=\"font-size: medium;\">Pihallani Piipert\u00e4j\u00e4 on:<\/span><\/span><\/span> <span style=\"color: #ff6600; font-size: medium;\"><a style=\"color: #ff6600;\" href=\"https:\/\/youtu.be\/Qbmj8XVFs2g\" target=\"_blank\" rel=\"noopener noreferrer\"><span style=\"font-family: Helvetica,sans-serif;\"><u>https:\/\/youtu.be\/Qbmj8XVFs2g<\/u><\/span><\/a><\/span><\/p>\n<p align=\"LEFT\"><span style=\"color: #000000;\"><span style=\"font-family: Helvetica,sans-serif;\"><span style=\"font-size: medium;\">Niin se vain nyt on: <\/span><\/span><\/span><span style=\"color: #ff6600; font-size: medium;\"><a style=\"color: #ff6600;\" href=\"https:\/\/youtu.be\/xmgG2wKSPW0\" target=\"_blank\" rel=\"noopener noreferrer\"><span style=\"font-family: Helvetica,sans-serif;\"><u>https:\/\/youtu.be\/xmgG2wKSPW0<\/u><\/span><\/a><\/span><\/p>\n<p align=\"LEFT\">Tykk\u00e4sk\u00f6 vai ei tyk\u00e4nnykk\u00e4\u00e4n? <span style=\"color: #ff6600;\"><a style=\"color: #ff6600;\" href=\"https:\/\/youtu.be\/9bEw7xHE4y8\">https:\/\/youtu.be\/9bEw7xHE4y8<\/a><\/span><\/p>\n<p align=\"LEFT\"><span style=\"color: #000000;\"><span style=\"font-family: Helvetica,sans-serif;\"><span style=\"font-size: medium;\">Facebookissa Vastis on: <\/span><\/span><\/span><span style=\"color: #ff6600; font-size: medium;\"><a style=\"color: #ff6600;\" href=\"http:\/\/www.facebook.com\/vastarannansiili\" target=\"_blank\" rel=\"noopener noreferrer\"><span style=\"font-family: Helvetica,sans-serif;\"><u>www.facebook.com\/vastarannansiili<\/u><\/span><\/a><\/span><\/p>\n<p align=\"LEFT\"><span style=\"color: #000000;\"><span style=\"font-family: Helvetica,sans-serif;\"><span style=\"font-size: medium;\"><b>yhteydet ja keikat:<\/b><\/span><\/span><\/span><\/p>\n<p align=\"LEFT\"><a href=\"mailto:posti@soivasiili.fi\"><span style=\"color: #1436a5;\"><span style=\"font-family: Helvetica,sans-serif;\"><span style=\"font-size: medium;\"><u>posti@soivasiili.fi<\/u><\/span><\/span><\/span><\/a><\/p>\n<p align=\"LEFT\"><a href=\"mailto:jukka@jukkatakalo.fi\"><span style=\"color: #1436a5;\"><span style=\"font-family: Helvetica,sans-serif;\"><span style=\"font-size: medium;\"><u>jukka@jukkatakalo.fi<\/u><\/span><\/span><\/span><\/a><u><a href=\"http:\/\/www.jukkatakalo.fi\/wp\/wp-content\/uploads\/2010\/04\/VastarannanSiilijuliste_a3.jpg\"><img decoding=\"async\" loading=\"lazy\" class=\"alignright wp-image-3010\" src=\"http:\/\/www.jukkatakalo.fi\/wp\/wp-content\/uploads\/2010\/04\/VastarannanSiilijuliste_a3-150x150.jpg\" alt=\"\" width=\"187\" height=\"187\" \/><\/a><\/u><\/p>\n<p align=\"LEFT\"><span style=\"color: #000000;\"><span style=\"font-family: Helvetica,sans-serif;\"><span style=\"font-size: medium;\">Jukka Takalo\u00a0tel. 040 5133262<b><strong><br \/>\n<\/strong><\/b><\/span><\/span><\/span><\/p>\n<p align=\"LEFT\"><span style=\"color: #000000;\"><span style=\"font-family: Helvetica,sans-serif;\"><span style=\"font-size: medium;\">Markus Lampela\u00a0tel. 040 7772028<\/span><\/span><\/span><\/p>\n<p align=\"LEFT\"><span style=\"color: #000000;\"><span style=\"font-family: Helvetica,sans-serif;\"><span style=\"font-size: medium;\">Ky\u00f6sti Salmij\u00e4rvi tel. 040 7423763<\/span><\/span><\/span><\/p>\n<p align=\"LEFT\"><span style=\"color: #000000;\"><span style=\"font-family: Helvetica,sans-serif;\"><span style=\"font-size: medium;\"><b>Fakta<\/b><\/span><\/span><\/span><span style=\"color: #000000;\"><span style=\"font-family: Helvetica,sans-serif;\"><span style=\"font-size: medium;\">:<\/span><\/span><\/span><\/p>\n<p align=\"LEFT\"><span style=\"color: #000000;\"><span style=\"font-family: Helvetica,sans-serif;\"><span style=\"font-size: medium;\"><i><b>Jukka Takalo<\/b><\/i><\/span><\/span><\/span><span style=\"color: #000000;\"><span style=\"font-family: Helvetica,sans-serif;\"><span style=\"font-size: medium;\"> on laulaja-lauluntekij\u00e4, joka tuli tunnetuksi Aknestik-yhtyeen my\u00f6t\u00e4 ja sittemmin sooloartistina. Tunnetuimpia lauluja Suomirokkia, Jokainen on v\u00e4h\u00e4n homo.<\/span><\/span><\/span><\/p>\n<p align=\"LEFT\"><span style=\"color: #000000;\"><span style=\"font-family: Helvetica,sans-serif;\"><span style=\"font-size: medium;\"><i><b>Soiva Siili<\/b><\/i><\/span><\/span><\/span><span style=\"color: #000000;\"><span style=\"font-family: Helvetica,sans-serif;\"><span style=\"font-size: medium;\"> on Markus Lampelan ja Ky\u00f6sti Salmij\u00e4rven muodostama valtionpalkittu lastenmusiikki-duo, joka on keikkallut ja levytt\u00e4nyt ammattimaisesti vuodesta 2005.<\/span><\/span><\/span><\/p>\n<p align=\"LEFT\"><span style=\"color: #000000;\"><span style=\"font-family: Helvetica,sans-serif;\"><span style=\"font-size: medium;\"><i><b>Harri Filppa<\/b><\/i><\/span><\/span><\/span><span style=\"color: #000000;\"><span style=\"font-family: Helvetica,sans-serif;\"><span style=\"font-size: medium;\"> on sarjakuvantekij\u00e4, joka on julkaissut lukuisia sarjakuvateoksia ja toimii Oulun Sarjakuvakeskuksen toiminnanjohtajana<\/span><\/span><\/span><\/p>\n","protected":false},"excerpt":{"rendered":"<p>Kuplettimies Jukka Takalo ja Soiva Siili yhdistiv\u00e4t voimansa, syntyi kantaaottavan riemukas koko perheen levy Vastarannan Siili vie levyll\u00e4\u00e4n Putinin ja Trumpin saunaan! Aknestik-yhtyeess\u00e4 uransa aloittaneen poppari Jukka Takalon ja valtiopalkitun lastenmusiikki-duo Soiva Siilin (Markus Lampela, Ky\u00f6sti Salmij\u00e4rvi) yhteisty\u00f6 kantaa hedelm\u00e4\u00e4 &hellip; <a href=\"https:\/\/www.jukkatakalo.fi\/?page_id=3015\">Continue reading <span class=\"meta-nav\">&rarr;<\/span><\/a><\/p>\n","protected":false},"author":1,"featured_media":0,"parent":0,"menu_order":3,"comment_status":"closed","ping_status":"closed","template":"","meta":[],"_links":{"self":[{"href":"https:\/\/www.jukkatakalo.fi\/index.php?rest_route=\/wp\/v2\/pages\/3015"}],"collection":[{"href":"https:\/\/www.jukkatakalo.fi\/index.php?rest_route=\/wp\/v2\/pages"}],"about":[{"href":"https:\/\/www.jukkatakalo.fi\/index.php?rest_route=\/wp\/v2\/types\/page"}],"author":[{"embeddable":true,"href":"https:\/\/www.jukkatakalo.fi\/index.php?rest_route=\/wp\/v2\/users\/1"}],"replies":[{"embeddable":true,"href":"https:\/\/www.jukkatakalo.fi\/index.php?rest_route=%2Fwp%2Fv2%2Fcomments&post=3015"}],"version-history":[{"count":10,"href":"https:\/\/www.jukkatakalo.fi\/index.php?rest_route=\/wp\/v2\/pages\/3015\/revisions"}],"predecessor-version":[{"id":3285,"href":"https:\/\/www.jukkatakalo.fi\/index.php?rest_route=\/wp\/v2\/pages\/3015\/revisions\/3285"}],"wp:attachment":[{"href":"https:\/\/www.jukkatakalo.fi\/index.php?rest_route=%2Fwp%2Fv2%2Fmedia&parent=3015"}],"curies":[{"name":"wp","href":"https:\/\/api.w.org\/{rel}","templated":true}]}}