{"id":3382,"date":"2020-08-06T23:09:02","date_gmt":"2020-08-06T20:09:02","guid":{"rendered":"http:\/\/www.jukkatakalo.fi\/?page_id=3382"},"modified":"2022-08-21T20:31:52","modified_gmt":"2022-08-21T17:31:52","slug":"kukaan-ei-ole-taydellinen","status":"publish","type":"page","link":"https:\/\/www.jukkatakalo.fi\/?page_id=3382","title":{"rendered":"Kukaan ei ole t\u00e4ydellinen &#8211; eli p\u00f6lynimurikauppiaan uudet kuviot"},"content":{"rendered":"<p><a href=\"http:\/\/www.jukkatakalo.fi\/wp\/wp-content\/uploads\/2020\/08\/kukaan_ei_ole_taydellinen_promo.jpg\"><img decoding=\"async\" loading=\"lazy\" class=\"wp-image-3389 alignleft\" src=\"http:\/\/www.jukkatakalo.fi\/wp\/wp-content\/uploads\/2020\/08\/kukaan_ei_ole_taydellinen_promo-724x1024.jpg\" alt=\"\" width=\"318\" height=\"445\" \/><\/a>Elet\u00e4\u00e4n kukkeinta kes\u00e4\u00e4 jokien halkomalla Pohjanmaalla, kun p\u00f6lynimurikauppias Jamo\u00a0 huomaa aikojen muuttuneen. Tavara vaihtaa omistajaansa en\u00e4\u00e4 harvoin ja huoletkin kasaantuvat kilpaa myym\u00e4tt\u00f6mien siivousv\u00e4lineiden kanssa. Rakennemuutoksen kourissa olisi keksitt\u00e4v\u00e4 uusia suuntia liiketoimille, mutta mihink\u00e4s imurikauppias karvoistaan p\u00e4\u00e4sisi? Er\u00e4\u00e4n\u00e4 p\u00e4iv\u00e4n\u00e4 kohtalo ojentaa auttavan k\u00e4tens\u00e4 ja johdattelee Jamon takaisin ajan hermolle ja vuosikausia hiotut kaupparatsun taidot palkitaan.<br \/>\nPienyritt\u00e4jyyden, vuokraty\u00f6n ja p\u00e4tk\u00e4ty\u00f6l\u00e4isyyden bermudan kolmiossa Jamo imeytyy kohti markkinatalouden pimeint\u00e4 ydint\u00e4.<\/p>\n<div><a href=\"http:\/\/www.jukkatakalo.fi\/wp\/wp-content\/uploads\/2020\/08\/esim2.jpg\"><img decoding=\"async\" loading=\"lazy\" class=\"wp-image-3384 alignleft\" src=\"http:\/\/www.jukkatakalo.fi\/wp\/wp-content\/uploads\/2020\/08\/esim2.jpg\" alt=\"\" width=\"222\" height=\"206\" srcset=\"https:\/\/www.jukkatakalo.fi\/wp\/wp-content\/uploads\/2020\/08\/esim2.jpg 540w, https:\/\/www.jukkatakalo.fi\/wp\/wp-content\/uploads\/2020\/08\/esim2-300x278.jpg 300w, https:\/\/www.jukkatakalo.fi\/wp\/wp-content\/uploads\/2020\/08\/esim2-324x300.jpg 324w\" sizes=\"(max-width: 222px) 100vw, 222px\" \/><\/a><\/div>\n<div><\/div>\n<div><\/div>\n<div><\/div>\n<div><\/div>\n<div>&#8220;Tarina toimii. P\u00e4\u00e4henkil\u00f6st\u00e4 tulee mieleen Sulevi Peltola &#8220;Paha maa&#8221; -elokuvassa.<br \/>\nPuolihumoristinen sanoisin, hyv\u00e4ll\u00e4. Great success!&#8221;<br \/>\n-Kaarle ViikateHyvinvarustetuissa sarjakuvakaupoissa 18.8.2020<\/p>\n<\/div>\n<div><a href=\"http:\/\/www.jukkatakalo.fi\/wp\/wp-content\/uploads\/2020\/08\/esim1.jpg\"><img decoding=\"async\" loading=\"lazy\" class=\"wp-image-3383 alignleft\" src=\"http:\/\/www.jukkatakalo.fi\/wp\/wp-content\/uploads\/2020\/08\/esim1-1024x489.jpg\" alt=\"\" width=\"477\" height=\"234\" \/><\/a><a href=\"http:\/\/www.jukkatakalo.fi\/wp\/wp-content\/uploads\/2020\/08\/esim3.jpg\"><img decoding=\"async\" loading=\"lazy\" class=\"wp-image-3385 alignleft\" src=\"http:\/\/www.jukkatakalo.fi\/wp\/wp-content\/uploads\/2020\/08\/esim3.jpg\" alt=\"\" width=\"241\" height=\"231\" srcset=\"https:\/\/www.jukkatakalo.fi\/wp\/wp-content\/uploads\/2020\/08\/esim3.jpg 522w, https:\/\/www.jukkatakalo.fi\/wp\/wp-content\/uploads\/2020\/08\/esim3-300x287.jpg 300w, https:\/\/www.jukkatakalo.fi\/wp\/wp-content\/uploads\/2020\/08\/esim3-313x300.jpg 313w\" sizes=\"(max-width: 241px) 100vw, 241px\" \/><\/a> <a href=\"http:\/\/www.jukkatakalo.fi\/wp\/wp-content\/uploads\/2020\/08\/esim4.jpg\"><img decoding=\"async\" loading=\"lazy\" class=\"wp-image-3386 alignleft\" src=\"http:\/\/www.jukkatakalo.fi\/wp\/wp-content\/uploads\/2020\/08\/esim4.jpg\" alt=\"\" width=\"253\" height=\"240\" srcset=\"https:\/\/www.jukkatakalo.fi\/wp\/wp-content\/uploads\/2020\/08\/esim4.jpg 528w, https:\/\/www.jukkatakalo.fi\/wp\/wp-content\/uploads\/2020\/08\/esim4-300x284.jpg 300w, https:\/\/www.jukkatakalo.fi\/wp\/wp-content\/uploads\/2020\/08\/esim4-317x300.jpg 317w\" sizes=\"(max-width: 253px) 100vw, 253px\" \/><\/a><a href=\"http:\/\/www.jukkatakalo.fi\/wp\/wp-content\/uploads\/2020\/08\/esim6.jpg\"><img decoding=\"async\" loading=\"lazy\" class=\"alignnone wp-image-3388\" src=\"http:\/\/www.jukkatakalo.fi\/wp\/wp-content\/uploads\/2020\/08\/esim6-1024x489.jpg\" alt=\"\" width=\"446\" height=\"218\" \/><\/a><\/div>\n<div><\/div>\n","protected":false},"excerpt":{"rendered":"<p>Elet\u00e4\u00e4n kukkeinta kes\u00e4\u00e4 jokien halkomalla Pohjanmaalla, kun p\u00f6lynimurikauppias Jamo\u00a0 huomaa aikojen muuttuneen. Tavara vaihtaa omistajaansa en\u00e4\u00e4 harvoin ja huoletkin kasaantuvat kilpaa myym\u00e4tt\u00f6mien siivousv\u00e4lineiden kanssa. Rakennemuutoksen kourissa olisi keksitt\u00e4v\u00e4 uusia suuntia liiketoimille, mutta mihink\u00e4s imurikauppias karvoistaan p\u00e4\u00e4sisi? Er\u00e4\u00e4n\u00e4 p\u00e4iv\u00e4n\u00e4 kohtalo ojentaa &hellip; <a href=\"https:\/\/www.jukkatakalo.fi\/?page_id=3382\">Continue reading <span class=\"meta-nav\">&rarr;<\/span><\/a><\/p>\n","protected":false},"author":1,"featured_media":0,"parent":0,"menu_order":2,"comment_status":"closed","ping_status":"closed","template":"","meta":[],"_links":{"self":[{"href":"https:\/\/www.jukkatakalo.fi\/index.php?rest_route=\/wp\/v2\/pages\/3382"}],"collection":[{"href":"https:\/\/www.jukkatakalo.fi\/index.php?rest_route=\/wp\/v2\/pages"}],"about":[{"href":"https:\/\/www.jukkatakalo.fi\/index.php?rest_route=\/wp\/v2\/types\/page"}],"author":[{"embeddable":true,"href":"https:\/\/www.jukkatakalo.fi\/index.php?rest_route=\/wp\/v2\/users\/1"}],"replies":[{"embeddable":true,"href":"https:\/\/www.jukkatakalo.fi\/index.php?rest_route=%2Fwp%2Fv2%2Fcomments&post=3382"}],"version-history":[{"count":9,"href":"https:\/\/www.jukkatakalo.fi\/index.php?rest_route=\/wp\/v2\/pages\/3382\/revisions"}],"predecessor-version":[{"id":3479,"href":"https:\/\/www.jukkatakalo.fi\/index.php?rest_route=\/wp\/v2\/pages\/3382\/revisions\/3479"}],"wp:attachment":[{"href":"https:\/\/www.jukkatakalo.fi\/index.php?rest_route=%2Fwp%2Fv2%2Fmedia&parent=3382"}],"curies":[{"name":"wp","href":"https:\/\/api.w.org\/{rel}","templated":true}]}}