{"id":3556,"date":"2024-02-05T18:38:33","date_gmt":"2024-02-05T16:38:33","guid":{"rendered":"http:\/\/www.jukkatakalo.fi\/?page_id=3556"},"modified":"2024-02-05T18:38:33","modified_gmt":"2024-02-05T16:38:33","slug":"valassaaret","status":"publish","type":"page","link":"https:\/\/www.jukkatakalo.fi\/?page_id=3556","title":{"rendered":"Valassaaret"},"content":{"rendered":"<p>Valassaaret on Jukka Takalon taideprojekti, levy-yhti\u00f6, levymerkki ja taiteen julkaisija.<br \/>\nValassaaret-levymerkille levytt\u00e4v\u00e4t Jukka Takalon lis\u00e4ksi The Southgates, Koomikko Matti Patronen, Nanna, Post Babylon.<br \/>\nvalassaaretmusiikki@gmail.com<br \/>\nhttps:\/\/www.facebook.com\/Valassaaret<br \/>\n<img decoding=\"async\" loading=\"lazy\" class=\"size-medium wp-image-3558 alignnone\" src=\"http:\/\/www.jukkatakalo.fi\/wp\/wp-content\/uploads\/2024\/02\/valassaaret_logo_mv-300x142.jpg\" alt=\"\" width=\"300\" height=\"142\" srcset=\"https:\/\/www.jukkatakalo.fi\/wp\/wp-content\/uploads\/2024\/02\/valassaaret_logo_mv-300x142.jpg 300w, https:\/\/www.jukkatakalo.fi\/wp\/wp-content\/uploads\/2024\/02\/valassaaret_logo_mv-768x364.jpg 768w, https:\/\/www.jukkatakalo.fi\/wp\/wp-content\/uploads\/2024\/02\/valassaaret_logo_mv-1024x486.jpg 1024w, https:\/\/www.jukkatakalo.fi\/wp\/wp-content\/uploads\/2024\/02\/valassaaret_logo_mv-500x237.jpg 500w\" sizes=\"(max-width: 300px) 100vw, 300px\" \/><br \/>\n<img decoding=\"async\" loading=\"lazy\" class=\"alignright size-large wp-image-3557\" src=\"http:\/\/www.jukkatakalo.fi\/wp\/wp-content\/uploads\/2024\/02\/VAlassaaret-1024x576.jpg\" alt=\"\" width=\"584\" height=\"329\" srcset=\"https:\/\/www.jukkatakalo.fi\/wp\/wp-content\/uploads\/2024\/02\/VAlassaaret-1024x576.jpg 1024w, https:\/\/www.jukkatakalo.fi\/wp\/wp-content\/uploads\/2024\/02\/VAlassaaret-300x169.jpg 300w, https:\/\/www.jukkatakalo.fi\/wp\/wp-content\/uploads\/2024\/02\/VAlassaaret-768x432.jpg 768w, https:\/\/www.jukkatakalo.fi\/wp\/wp-content\/uploads\/2024\/02\/VAlassaaret-500x281.jpg 500w, https:\/\/www.jukkatakalo.fi\/wp\/wp-content\/uploads\/2024\/02\/VAlassaaret.jpg 1182w\" sizes=\"(max-width: 584px) 100vw, 584px\" \/><\/p>\n","protected":false},"excerpt":{"rendered":"<p>Valassaaret on Jukka Takalon taideprojekti, levy-yhti\u00f6, levymerkki ja taiteen julkaisija. Valassaaret-levymerkille levytt\u00e4v\u00e4t Jukka Takalon lis\u00e4ksi The Southgates, Koomikko Matti Patronen, Nanna, Post Babylon. valassaaretmusiikki@gmail.com https:\/\/www.facebook.com\/Valassaaret<\/p>\n","protected":false},"author":1,"featured_media":0,"parent":0,"menu_order":6,"comment_status":"closed","ping_status":"closed","template":"","meta":[],"_links":{"self":[{"href":"https:\/\/www.jukkatakalo.fi\/index.php?rest_route=\/wp\/v2\/pages\/3556"}],"collection":[{"href":"https:\/\/www.jukkatakalo.fi\/index.php?rest_route=\/wp\/v2\/pages"}],"about":[{"href":"https:\/\/www.jukkatakalo.fi\/index.php?rest_route=\/wp\/v2\/types\/page"}],"author":[{"embeddable":true,"href":"https:\/\/www.jukkatakalo.fi\/index.php?rest_route=\/wp\/v2\/users\/1"}],"replies":[{"embeddable":true,"href":"https:\/\/www.jukkatakalo.fi\/index.php?rest_route=%2Fwp%2Fv2%2Fcomments&post=3556"}],"version-history":[{"count":1,"href":"https:\/\/www.jukkatakalo.fi\/index.php?rest_route=\/wp\/v2\/pages\/3556\/revisions"}],"predecessor-version":[{"id":3559,"href":"https:\/\/www.jukkatakalo.fi\/index.php?rest_route=\/wp\/v2\/pages\/3556\/revisions\/3559"}],"wp:attachment":[{"href":"https:\/\/www.jukkatakalo.fi\/index.php?rest_route=%2Fwp%2Fv2%2Fmedia&parent=3556"}],"curies":[{"name":"wp","href":"https:\/\/api.w.org\/{rel}","templated":true}]}}